{"id":4720,"date":"2020-12-14T10:08:00","date_gmt":"2020-12-14T09:08:00","guid":{"rendered":"https:\/\/www.tipserigraphie.com\/vxhwsyrrficn-ezui-osprazo-enaz-eoiuocuasaatoouc\/"},"modified":"2024-05-28T16:22:16","modified_gmt":"2024-05-28T14:22:16","slug":"customised-printing-on-aluminium-plates","status":"publish","type":"page","link":"https:\/\/www.tipserigraphie.com\/en\/industrial-screen-printing\/customised-printing-on-aluminium-plates\/","title":{"rendered":"Customised printing on aluminium plates"},"content":{"rendered":"\n\n\t\t<h1>\n\t\t\tTip S\u00e9rigraphie\n\t\t<\/h1>\n\t\t\t<br \/>\n\t<p><strong>Customised aluminium plates are often used as manufacturer&#8217;s plates or CE plates, but they can be used for much more than that. <\/strong><\/p>\n<p>Through our unique technologies and the care we take in manufacturing, metal plates can be used in practically all industrial sectors or sectors that require long-term visibility.<\/p>\n\t\t\t\t\t\t\t\t\t<img decoding=\"async\" src=\"https:\/\/www.tipserigraphie.com\/wp-content\/uploads\/bb-plugin\/cache\/IMPRESSION-PLAQUE-ALU-TECHNIQUE-PAGE-PERSONNALISATION-PLAQUE-ALU-TIP--500x500-circle.jpg\" alt=\"IMPRESSION PLAQUE ALU TECHNIQUE PAGE PERSONNALISATION PLAQUE ALU TIP\" itemprop=\"image\" height=\"500\" width=\"500\" title=\"IMPRESSION PLAQUE ALU TECHNIQUE PAGE PERSONNALISATION PLAQUE ALU TIP\" onerror=\"this.style.display='none'\"  \/>\n\t\t\t\t\t\t\t\t<a href=\"https:\/\/www.tipserigraphie.com\/wp-content\/uploads\/2020\/09\/PERSONNALISATION-PLAQUE-ALU-CONSTRUCTEUR-PAGE-PERSONNALISATION-PLAQUE-ALU-TIP.jpg\" target=\"_self\" itemprop=\"url\" rel=\"noopener\">\n\t\t\t\t\t\t\t\t\t<img decoding=\"async\" src=\"https:\/\/www.tipserigraphie.com\/wp-content\/uploads\/bb-plugin\/cache\/PERSONNALISATION-PLAQUE-ALU-CONSTRUCTEUR-PAGE-PERSONNALISATION-PLAQUE-ALU-TIP-portrait.jpg\" alt=\"PERSONNALISATION PLAQUE ALU CONSTRUCTEUR PAGE PERSONNALISATION PLAQUE ALU TIP\" itemprop=\"image\" height=\"1330\" width=\"1920\" title=\"PERSONNALISATION PLAQUE ALU CONSTRUCTEUR PAGE PERSONNALISATION PLAQUE ALU TIP\" onerror=\"this.style.display='none'\"  \/>\n\t\t\t\t\t\t\t\t\t\t\t\t\t<\/a>\n<h2>\n\t\tManufacturer&#8217;s plates\n\t<\/h2>\n\t<p><strong>Aluminium, stainless steel and brass plates used for informational purposes with customised finishes are intended for both indoor and outdoor use.<\/strong><\/p>\n<p>Customised metal plates provide the best option when it comes to reliable traceability over time and long-lasting identification. Don&#8217;t forget that this plate is the only technical link between you and your customers.<\/p>\n<p>These plates can provide different types of information including instructions, environmental hazards, measurements and values on various types of machines.<\/p>\n<p>The traceability of your equipment is so important that the metal plate has become an essential tool for providing required information at all times.<\/p>\n<p>Entrusting TIP with the creation of your manufacturer&#8217;s plates is your best option to obtain a product that is high quality, long lasting and made by professionals in Europe.<\/p>\n\t<ul>\n\t\t\t<li>\n\t\t\t\t<a href=\"https:\/\/www.tipserigraphie.com\/en\/personalised-design-request\/\" target=\"_self\" data-hover=\"Learn more\" rel=\"noopener\">Learn more<\/a>\n\t\t<\/li>\n\t\t\t\t<\/ul>\n<h2>\n\t\tTechnical plates\n\t<\/h2>\n\t<p><strong>Technical plates provide your customers with vital information about the machines in their workshops. <\/strong><\/p>\n<p>They ensure that the information provided by these types of plates, which is essential, does not degrade over time. As with all our products, we use premium materials which do not degrade and which correspond to your initial specifications.<\/p>\n<p>In order to remain at the cutting edge of technology, our production lines for all our manufacturing processes are state of the art.<\/p>\n<p>This enables us to guarantee and provide high-quality prints with text that remains accurate and highly legible from the beginning to the end of the product&#8217;s life.<\/p>\n<p>Thanks to our AluPore\u00ae printing process, our metal plates are unaffected by and resistant to all types of external chemical influences, weather and abrasions from scratching or rubbing.<\/p>\n\t<ul>\n\t\t\t<li>\n\t\t\t\t<a href=\"https:\/\/www.tipserigraphie.com\/en\/personalised-design-request\/\" target=\"_self\" data-hover=\"Learn more\" rel=\"noopener\">Learn more<\/a>\n\t\t<\/li>\n\t\t\t\t<\/ul>\n\t\t\t\t\t\t\t\t<a href=\"https:\/\/www.tipserigraphie.com\/wp-content\/uploads\/2020\/09\/IMPRESSION-PLAQUE-ALU-TECHNIQUE-PAGE-PERSONNALISATION-PLAQUE-ALU-TIP-.jpg\" target=\"_self\" itemprop=\"url\" rel=\"noopener\">\n\t\t\t\t\t\t\t\t\t<img decoding=\"async\" src=\"https:\/\/www.tipserigraphie.com\/wp-content\/uploads\/bb-plugin\/cache\/IMPRESSION-PLAQUE-ALU-TECHNIQUE-PAGE-PERSONNALISATION-PLAQUE-ALU-TIP--portrait.jpg\" alt=\"IMPRESSION PLAQUE ALU TECHNIQUE PAGE PERSONNALISATION PLAQUE ALU TIP\" itemprop=\"image\" height=\"1600\" width=\"1200\" title=\"IMPRESSION PLAQUE ALU TECHNIQUE PAGE PERSONNALISATION PLAQUE ALU TIP\" onerror=\"this.style.display='none'\"  \/>\n\t\t\t\t\t\t\t\t\t\t\t\t\t<\/a>\n\t\t\t\t\t\t\t\t<a href=\"https:\/\/www.tipserigraphie.com\/wp-content\/uploads\/2020\/09\/PERSONNALISATION-PLAQUE-ALU-CODE-BARRE-QR-CODE-PAGE-PERSONNALISATION-PLAQUE-ALU-TIP.jpg\" target=\"_self\" itemprop=\"url\" rel=\"noopener\">\n\t\t\t\t\t\t\t\t\t<img decoding=\"async\" src=\"https:\/\/www.tipserigraphie.com\/wp-content\/uploads\/bb-plugin\/cache\/PERSONNALISATION-PLAQUE-ALU-CODE-BARRE-QR-CODE-PAGE-PERSONNALISATION-PLAQUE-ALU-TIP-portrait.jpg\" alt=\"PERSONNALISATION PLAQUE ALU CODE BARRE - QR CODE PAGE PERSONNALISATION PLAQUE ALU TIP\" itemprop=\"image\" height=\"1033\" width=\"1920\" title=\"PERSONNALISATION PLAQUE ALU CODE BARRE - QR CODE PAGE PERSONNALISATION PLAQUE ALU TIP\" onerror=\"this.style.display='none'\"  \/>\n\t\t\t\t\t\t\t\t\t\t\t\t\t<\/a>\n<h2>\n\t\tBar code and QR code plates\n\t<\/h2>\n\t<p><strong>We produce bar code and QR code plates for all types of readers.<\/strong><\/p>\n<p>When describing your need, it is important to indicate what kind of bar code is required: numeric, alphanumeric, variable code, automatic reader code or a data matrix.<\/p>\n<p>Widely used in the petrochemical industry and processing plants, metal plates are the best way to distribute essential information about your product.<\/p>\n<p>They are produced from a variety of materials and tailored to meet each of your needs. They are resistant to abrasion, corrosion, gasoline, oils, acids, solvents and vapours.<\/p>\n\t<ul>\n\t\t\t<li>\n\t\t\t\t<a href=\"https:\/\/www.tipserigraphie.com\/en\/personalised-design-request\/\" target=\"_self\" data-hover=\"Learn more\" rel=\"noopener\">Learn more<\/a>\n\t\t<\/li>\n\t\t\t\t<\/ul>\n<h2>\n\t\tBrand plates\/ point of sale plates\n\t<\/h2>\n\t<p><strong>Brand and point of sale plates are intended to be used to represent the brand image at points of sale: displays, glass showcases, product packaging, etc. <\/strong><\/p>\n<p>They reflect the corporate image of your company in a very personal way.<\/p>\n<p>It is one of the most qualitative and relevant tools to promote your product at a point of sale.<\/p>\n<p>We produce these brand plates with a wide variety of finishes tailored to your strictest design requirements and display conditions.<\/p>\n<p>As with the rest of our range, our brand plates are long lasting and ensure visibility over the long term.<\/p>\n<p>There is a wide variety of sizes and shapes available to provide an exclusive design that meets your expectations.<\/p>\n\t<ul>\n\t\t\t<li>\n\t\t\t\t<a href=\"https:\/\/www.tipserigraphie.com\/en\/personalised-design-request\/\" target=\"_self\" data-hover=\"Learn more\" rel=\"noopener\">Learn more<\/a>\n\t\t<\/li>\n\t\t\t\t<\/ul>\n\t\t\t\t\t\t\t\t<a href=\"https:\/\/www.tipserigraphie.com\/wp-content\/uploads\/2020\/09\/PERSONNALISATION-PLAQUE-POINT-DE-VENTE-PAGE-PERSONNALISATION-PLAQUE-ALU-TIP.jpg\" target=\"_self\" itemprop=\"url\" rel=\"noopener\">\n\t\t\t\t\t\t\t\t\t<img decoding=\"async\" src=\"https:\/\/www.tipserigraphie.com\/wp-content\/uploads\/bb-plugin\/cache\/PERSONNALISATION-PLAQUE-POINT-DE-VENTE-PAGE-PERSONNALISATION-PLAQUE-ALU-TIP-portrait.jpg\" alt=\"PERSONNALISATION PLAQUE POINT DE VENTE PAGE PERSONNALISATION PLAQUE ALU TIP\" itemprop=\"image\" height=\"1547\" width=\"1920\" title=\"PERSONNALISATION PLAQUE POINT DE VENTE PAGE PERSONNALISATION PLAQUE ALU TIP\" onerror=\"this.style.display='none'\"  \/>\n\t\t\t\t\t\t\t\t\t\t\t\t\t<\/a>\n\t\t\t\t\t\t\t\t<a href=\"https:\/\/www.tipserigraphie.com\/wp-content\/uploads\/2020\/09\/PERSONNALISATION-PLAQUE-DECORATIVE-ET-RALLYE-PAGE-PERSONNALISATION-PLAQUE-ALU-TIP-.jpg\" target=\"_self\" itemprop=\"url\" rel=\"noopener\">\n\t\t\t\t\t\t\t\t\t<img decoding=\"async\" src=\"https:\/\/www.tipserigraphie.com\/wp-content\/uploads\/bb-plugin\/cache\/PERSONNALISATION-PLAQUE-DECORATIVE-ET-RALLYE-PAGE-PERSONNALISATION-PLAQUE-ALU-TIP--portrait.jpg\" alt=\"PERSONNALISATION PLAQUE DECORATIVE ET RALLYE PAGE PERSONNALISATION PLAQUE ALU TIP\" itemprop=\"image\" height=\"1342\" width=\"1920\" title=\"PERSONNALISATION PLAQUE DECORATIVE ET RALLYE PAGE PERSONNALISATION PLAQUE ALU TIP\" onerror=\"this.style.display='none'\"  \/>\n\t\t\t\t\t\t\t\t\t\t\t\t\t<\/a>\n<h2>\n\t\tDecorative and Rally plates\n\t<\/h2>\n\t<p><strong>Rally plates have always been intended to be collected as souvenirs from automobile and moto-sport events.<\/strong><\/p>\n<p>Our Rally plates represent the best that decorative plates have to offer. They are made from premium aluminium with bold colours that give them a high-end finish.<\/p>\n<p>They are embossed in a classic style, to create a relief image that makes your logos and the message you want to convey pop. This embossing gives our Rally plates a 3D effect that delivers stunning results.<\/p>\n<p>If you wish, we can number the plates with your race numbers.<\/p>\n<p>The Rally plates made by TIP will make for excellent souvenirs that your participants will keep forever in their collections.<\/p>\n\t<ul>\n\t\t\t<li>\n\t\t\t\t<a href=\"https:\/\/www.tipserigraphie.com\/en\/personalised-design-request\/\" target=\"_self\" data-hover=\"Learn more\" rel=\"noopener\">Learn more<\/a>\n\t\t<\/li>\n\t\t\t\t<\/ul>\n\t\t<h2>\n\t\t\tOur achievement \n\t\t<\/h2>\n\t\t<p>Sorry, we were not able to find any achievment, please come back later.<\/p>\n\tAre you looking for a customised design?\n\t<p>Using its innovative and revolutionary G.E.S.T. method (French acronym for Management of TIP Screen Printing Design) for defining technical needs, TIP will assist you with your project.<\/p>\n<p>Our technical sales team will get back to you in under 24 hours.<\/p>\n\t<a href=\"https:\/\/www.tipserigraphie.com\/en\/personalised-design-request\/\" target=\"_self\" role=\"button\" aria-label=\"request a quote\" rel=\"noopener\">\n\t\t\t\t\t\trequest a quote\n\t\t\t\t\t<\/a>\n\n","protected":false},"excerpt":{"rendered":"<p>Tip S\u00e9rigraphie Customised aluminium plates are often used as manufacturer&#8217;s plates or CE plates, but they can be used for much more than that. Through our unique technologies and the care we take in manufacturing, metal plates can be used in practically all industrial sectors or sectors that require long-term visibility. Manufacturer&#8217;s plates Aluminium, stainless&hellip;<\/p>\n","protected":false},"author":2,"featured_media":4726,"parent":4764,"menu_order":0,"comment_status":"closed","ping_status":"closed","template":"","meta":{"_acf_changed":false,"footnotes":""},"class_list":["post-4720","page","type-page","status-publish","has-post-thumbnail","hentry"],"acf":[],"yoast_head":"<!-- This site is optimized with the Yoast SEO plugin v27.4 - https:\/\/yoast.com\/product\/yoast-seo-wordpress\/ -->\n<title>Screen printing on metal plates: printing on aluminium plates - TIP S\u00e9rigraphie<\/title>\n<meta name=\"description\" content=\"Screen printed metal plates provide long-lasting identification of regulatory information for your products or machines. On aluminium, stainless steel, PVC\" \/>\n<meta name=\"robots\" content=\"index, follow, max-snippet:-1, max-image-preview:large, max-video-preview:-1\" \/>\n<link rel=\"canonical\" href=\"https:\/\/www.tipserigraphie.com\/en\/industrial-screen-printing\/customised-printing-on-aluminium-plates\/\" \/>\n<meta property=\"og:locale\" content=\"en_US\" \/>\n<meta property=\"og:type\" content=\"article\" \/>\n<meta property=\"og:title\" content=\"Screen printing on metal plates: printing on aluminium plates - TIP S\u00e9rigraphie\" \/>\n<meta property=\"og:description\" content=\"Screen printed metal plates provide long-lasting identification of regulatory information for your products or machines. On aluminium, stainless steel, PVC\" \/>\n<meta property=\"og:url\" content=\"https:\/\/www.tipserigraphie.com\/en\/industrial-screen-printing\/customised-printing-on-aluminium-plates\/\" \/>\n<meta property=\"og:site_name\" content=\"TIP S\u00e9rigraphie\" \/>\n<meta property=\"article:publisher\" content=\"https:\/\/www.facebook.com\/tipindustrie\/\" \/>\n<meta property=\"article:modified_time\" content=\"2024-05-28T14:22:16+00:00\" \/>\n<meta property=\"og:image\" content=\"https:\/\/www.tipserigraphie.com\/wp-content\/uploads\/2020\/09\/personnalisation-plaque-alu.jpg\" \/>\n\t<meta property=\"og:image:width\" content=\"264\" \/>\n\t<meta property=\"og:image:height\" content=\"160\" \/>\n\t<meta property=\"og:image:type\" content=\"image\/jpeg\" \/>\n<meta name=\"twitter:card\" content=\"summary_large_image\" \/>\n<meta name=\"twitter:site\" content=\"@tip_serigraphie\" \/>\n<meta name=\"twitter:label1\" content=\"Est. reading time\" \/>\n\t<meta name=\"twitter:data1\" content=\"4 minutes\" \/>\n<script type=\"application\/ld+json\" class=\"yoast-schema-graph\">{\"@context\":\"https:\\\/\\\/schema.org\",\"@graph\":[{\"@type\":\"WebPage\",\"@id\":\"https:\\\/\\\/www.tipserigraphie.com\\\/en\\\/industrial-screen-printing\\\/customised-printing-on-aluminium-plates\\\/\",\"url\":\"https:\\\/\\\/www.tipserigraphie.com\\\/en\\\/industrial-screen-printing\\\/customised-printing-on-aluminium-plates\\\/\",\"name\":\"Screen printing on metal plates: printing on aluminium plates - TIP S\u00e9rigraphie\",\"isPartOf\":{\"@id\":\"https:\\\/\\\/www.tipserigraphie.com\\\/en\\\/#website\"},\"primaryImageOfPage\":{\"@id\":\"https:\\\/\\\/www.tipserigraphie.com\\\/en\\\/industrial-screen-printing\\\/customised-printing-on-aluminium-plates\\\/#primaryimage\"},\"image\":{\"@id\":\"https:\\\/\\\/www.tipserigraphie.com\\\/en\\\/industrial-screen-printing\\\/customised-printing-on-aluminium-plates\\\/#primaryimage\"},\"thumbnailUrl\":\"https:\\\/\\\/www.tipserigraphie.com\\\/wp-content\\\/uploads\\\/2020\\\/09\\\/personnalisation-plaque-alu.jpg\",\"datePublished\":\"2020-12-14T09:08:00+00:00\",\"dateModified\":\"2024-05-28T14:22:16+00:00\",\"description\":\"Screen printed metal plates provide long-lasting identification of regulatory information for your products or machines. On aluminium, stainless steel, PVC\",\"breadcrumb\":{\"@id\":\"https:\\\/\\\/www.tipserigraphie.com\\\/en\\\/industrial-screen-printing\\\/customised-printing-on-aluminium-plates\\\/#breadcrumb\"},\"inLanguage\":\"en-US\",\"potentialAction\":[{\"@type\":\"ReadAction\",\"target\":[\"https:\\\/\\\/www.tipserigraphie.com\\\/en\\\/industrial-screen-printing\\\/customised-printing-on-aluminium-plates\\\/\"]}]},{\"@type\":\"ImageObject\",\"inLanguage\":\"en-US\",\"@id\":\"https:\\\/\\\/www.tipserigraphie.com\\\/en\\\/industrial-screen-printing\\\/customised-printing-on-aluminium-plates\\\/#primaryimage\",\"url\":\"https:\\\/\\\/www.tipserigraphie.com\\\/wp-content\\\/uploads\\\/2020\\\/09\\\/personnalisation-plaque-alu.jpg\",\"contentUrl\":\"https:\\\/\\\/www.tipserigraphie.com\\\/wp-content\\\/uploads\\\/2020\\\/09\\\/personnalisation-plaque-alu.jpg\",\"width\":264,\"height\":160,\"caption\":\"\u00cf\u00deBU\u00f4\u0178\u00d6r\u00dfb\u00fe\u00e4Y\u00fe\u00e0\u00dfJ\u00ea\u00ca \u0152\u00e8ZEE\u0153\u00e7 m\u00d4\u00fd\u00e4\"},{\"@type\":\"BreadcrumbList\",\"@id\":\"https:\\\/\\\/www.tipserigraphie.com\\\/en\\\/industrial-screen-printing\\\/customised-printing-on-aluminium-plates\\\/#breadcrumb\",\"itemListElement\":[{\"@type\":\"ListItem\",\"position\":1,\"name\":\"Home\",\"item\":\"https:\\\/\\\/www.tipserigraphie.com\\\/en\\\/\"},{\"@type\":\"ListItem\",\"position\":2,\"name\":\"Industrial screen printing\",\"item\":\"https:\\\/\\\/www.tipserigraphie.com\\\/en\\\/industrial-screen-printing\\\/\"},{\"@type\":\"ListItem\",\"position\":3,\"name\":\"Customised printing on aluminium plates\"}]},{\"@type\":\"WebSite\",\"@id\":\"https:\\\/\\\/www.tipserigraphie.com\\\/en\\\/#website\",\"url\":\"https:\\\/\\\/www.tipserigraphie.com\\\/en\\\/\",\"name\":\"TIP S\u00e9rigraphie\",\"description\":\"Marquages Industriels\",\"publisher\":{\"@id\":\"https:\\\/\\\/www.tipserigraphie.com\\\/en\\\/#organization\"},\"potentialAction\":[{\"@type\":\"SearchAction\",\"target\":{\"@type\":\"EntryPoint\",\"urlTemplate\":\"https:\\\/\\\/www.tipserigraphie.com\\\/en\\\/?s={search_term_string}\"},\"query-input\":{\"@type\":\"PropertyValueSpecification\",\"valueRequired\":true,\"valueName\":\"search_term_string\"}}],\"inLanguage\":\"en-US\"},{\"@type\":\"Organization\",\"@id\":\"https:\\\/\\\/www.tipserigraphie.com\\\/en\\\/#organization\",\"name\":\"Tip\",\"url\":\"https:\\\/\\\/www.tipserigraphie.com\\\/en\\\/\",\"logo\":{\"@type\":\"ImageObject\",\"inLanguage\":\"en-US\",\"@id\":\"https:\\\/\\\/www.tipserigraphie.com\\\/en\\\/#\\\/schema\\\/logo\\\/image\\\/\",\"url\":\"https:\\\/\\\/www.tipserigraphie.com\\\/wp-content\\\/uploads\\\/2020\\\/10\\\/logo-tip-serigraphie.png\",\"contentUrl\":\"https:\\\/\\\/www.tipserigraphie.com\\\/wp-content\\\/uploads\\\/2020\\\/10\\\/logo-tip-serigraphie.png\",\"width\":151,\"height\":151,\"caption\":\"Tip\"},\"image\":{\"@id\":\"https:\\\/\\\/www.tipserigraphie.com\\\/en\\\/#\\\/schema\\\/logo\\\/image\\\/\"},\"sameAs\":[\"https:\\\/\\\/www.facebook.com\\\/tipindustrie\\\/\",\"https:\\\/\\\/x.com\\\/tip_serigraphie\",\"https:\\\/\\\/www.linkedin.com\\\/company\\\/tip-serigraphie-seritip\\\/\",\"https:\\\/\\\/www.youtube.com\\\/channel\\\/UCPzRvNMDl0fKTc7zrNewiHw\"]}]}<\/script>\n<!-- \/ Yoast SEO plugin. -->","yoast_head_json":{"title":"Screen printing on metal plates: printing on aluminium plates - TIP S\u00e9rigraphie","description":"Screen printed metal plates provide long-lasting identification of regulatory information for your products or machines. On aluminium, stainless steel, PVC","robots":{"index":"index","follow":"follow","max-snippet":"max-snippet:-1","max-image-preview":"max-image-preview:large","max-video-preview":"max-video-preview:-1"},"canonical":"https:\/\/www.tipserigraphie.com\/en\/industrial-screen-printing\/customised-printing-on-aluminium-plates\/","og_locale":"en_US","og_type":"article","og_title":"Screen printing on metal plates: printing on aluminium plates - TIP S\u00e9rigraphie","og_description":"Screen printed metal plates provide long-lasting identification of regulatory information for your products or machines. On aluminium, stainless steel, PVC","og_url":"https:\/\/www.tipserigraphie.com\/en\/industrial-screen-printing\/customised-printing-on-aluminium-plates\/","og_site_name":"TIP S\u00e9rigraphie","article_publisher":"https:\/\/www.facebook.com\/tipindustrie\/","article_modified_time":"2024-05-28T14:22:16+00:00","og_image":[{"width":264,"height":160,"url":"https:\/\/www.tipserigraphie.com\/wp-content\/uploads\/2020\/09\/personnalisation-plaque-alu.jpg","type":"image\/jpeg"}],"twitter_card":"summary_large_image","twitter_site":"@tip_serigraphie","twitter_misc":{"Est. reading time":"4 minutes"},"schema":{"@context":"https:\/\/schema.org","@graph":[{"@type":"WebPage","@id":"https:\/\/www.tipserigraphie.com\/en\/industrial-screen-printing\/customised-printing-on-aluminium-plates\/","url":"https:\/\/www.tipserigraphie.com\/en\/industrial-screen-printing\/customised-printing-on-aluminium-plates\/","name":"Screen printing on metal plates: printing on aluminium plates - TIP S\u00e9rigraphie","isPartOf":{"@id":"https:\/\/www.tipserigraphie.com\/en\/#website"},"primaryImageOfPage":{"@id":"https:\/\/www.tipserigraphie.com\/en\/industrial-screen-printing\/customised-printing-on-aluminium-plates\/#primaryimage"},"image":{"@id":"https:\/\/www.tipserigraphie.com\/en\/industrial-screen-printing\/customised-printing-on-aluminium-plates\/#primaryimage"},"thumbnailUrl":"https:\/\/www.tipserigraphie.com\/wp-content\/uploads\/2020\/09\/personnalisation-plaque-alu.jpg","datePublished":"2020-12-14T09:08:00+00:00","dateModified":"2024-05-28T14:22:16+00:00","description":"Screen printed metal plates provide long-lasting identification of regulatory information for your products or machines. On aluminium, stainless steel, PVC","breadcrumb":{"@id":"https:\/\/www.tipserigraphie.com\/en\/industrial-screen-printing\/customised-printing-on-aluminium-plates\/#breadcrumb"},"inLanguage":"en-US","potentialAction":[{"@type":"ReadAction","target":["https:\/\/www.tipserigraphie.com\/en\/industrial-screen-printing\/customised-printing-on-aluminium-plates\/"]}]},{"@type":"ImageObject","inLanguage":"en-US","@id":"https:\/\/www.tipserigraphie.com\/en\/industrial-screen-printing\/customised-printing-on-aluminium-plates\/#primaryimage","url":"https:\/\/www.tipserigraphie.com\/wp-content\/uploads\/2020\/09\/personnalisation-plaque-alu.jpg","contentUrl":"https:\/\/www.tipserigraphie.com\/wp-content\/uploads\/2020\/09\/personnalisation-plaque-alu.jpg","width":264,"height":160,"caption":"\u00cf\u00deBU\u00f4\u0178\u00d6r\u00dfb\u00fe\u00e4Y\u00fe\u00e0\u00dfJ\u00ea\u00ca \u0152\u00e8ZEE\u0153\u00e7 m\u00d4\u00fd\u00e4"},{"@type":"BreadcrumbList","@id":"https:\/\/www.tipserigraphie.com\/en\/industrial-screen-printing\/customised-printing-on-aluminium-plates\/#breadcrumb","itemListElement":[{"@type":"ListItem","position":1,"name":"Home","item":"https:\/\/www.tipserigraphie.com\/en\/"},{"@type":"ListItem","position":2,"name":"Industrial screen printing","item":"https:\/\/www.tipserigraphie.com\/en\/industrial-screen-printing\/"},{"@type":"ListItem","position":3,"name":"Customised printing on aluminium plates"}]},{"@type":"WebSite","@id":"https:\/\/www.tipserigraphie.com\/en\/#website","url":"https:\/\/www.tipserigraphie.com\/en\/","name":"TIP S\u00e9rigraphie","description":"Marquages Industriels","publisher":{"@id":"https:\/\/www.tipserigraphie.com\/en\/#organization"},"potentialAction":[{"@type":"SearchAction","target":{"@type":"EntryPoint","urlTemplate":"https:\/\/www.tipserigraphie.com\/en\/?s={search_term_string}"},"query-input":{"@type":"PropertyValueSpecification","valueRequired":true,"valueName":"search_term_string"}}],"inLanguage":"en-US"},{"@type":"Organization","@id":"https:\/\/www.tipserigraphie.com\/en\/#organization","name":"Tip","url":"https:\/\/www.tipserigraphie.com\/en\/","logo":{"@type":"ImageObject","inLanguage":"en-US","@id":"https:\/\/www.tipserigraphie.com\/en\/#\/schema\/logo\/image\/","url":"https:\/\/www.tipserigraphie.com\/wp-content\/uploads\/2020\/10\/logo-tip-serigraphie.png","contentUrl":"https:\/\/www.tipserigraphie.com\/wp-content\/uploads\/2020\/10\/logo-tip-serigraphie.png","width":151,"height":151,"caption":"Tip"},"image":{"@id":"https:\/\/www.tipserigraphie.com\/en\/#\/schema\/logo\/image\/"},"sameAs":["https:\/\/www.facebook.com\/tipindustrie\/","https:\/\/x.com\/tip_serigraphie","https:\/\/www.linkedin.com\/company\/tip-serigraphie-seritip\/","https:\/\/www.youtube.com\/channel\/UCPzRvNMDl0fKTc7zrNewiHw"]}]}},"_links":{"self":[{"href":"https:\/\/www.tipserigraphie.com\/en\/wp-json\/wp\/v2\/pages\/4720","targetHints":{"allow":["GET"]}}],"collection":[{"href":"https:\/\/www.tipserigraphie.com\/en\/wp-json\/wp\/v2\/pages"}],"about":[{"href":"https:\/\/www.tipserigraphie.com\/en\/wp-json\/wp\/v2\/types\/page"}],"author":[{"embeddable":true,"href":"https:\/\/www.tipserigraphie.com\/en\/wp-json\/wp\/v2\/users\/2"}],"replies":[{"embeddable":true,"href":"https:\/\/www.tipserigraphie.com\/en\/wp-json\/wp\/v2\/comments?post=4720"}],"version-history":[{"count":3,"href":"https:\/\/www.tipserigraphie.com\/en\/wp-json\/wp\/v2\/pages\/4720\/revisions"}],"predecessor-version":[{"id":7676,"href":"https:\/\/www.tipserigraphie.com\/en\/wp-json\/wp\/v2\/pages\/4720\/revisions\/7676"}],"up":[{"embeddable":true,"href":"https:\/\/www.tipserigraphie.com\/en\/wp-json\/wp\/v2\/pages\/4764"}],"wp:featuredmedia":[{"embeddable":true,"href":"https:\/\/www.tipserigraphie.com\/en\/wp-json\/wp\/v2\/media\/4726"}],"wp:attachment":[{"href":"https:\/\/www.tipserigraphie.com\/en\/wp-json\/wp\/v2\/media?parent=4720"}],"curies":[{"name":"wp","href":"https:\/\/api.w.org\/{rel}","templated":true}]}}