{"id":4764,"date":"2021-01-06T11:27:40","date_gmt":"2021-01-06T10:27:40","guid":{"rendered":"https:\/\/www.tipserigraphie.com\/industrial-screen-printing\/"},"modified":"2023-10-18T17:07:31","modified_gmt":"2023-10-18T15:07:31","slug":"industrial-screen-printing","status":"publish","type":"page","link":"https:\/\/www.tipserigraphie.com\/en\/industrial-screen-printing\/","title":{"rendered":"Industrial screen printing"},"content":{"rendered":"\n\n\t\t<h1>\n\t\t\tTip S\u00e9rigraphie\n\t\t<\/h1>\n\t<p><strong>Screen printing is the oldest printing process in the world. It combines practical craftsmanship, industrial processes and innovative techniques.<\/strong><\/p>\n<p>Industrial screen printing needs to be innovative, long-lasting, efficient and high quality to ensure that the brand image is visible to everyone.<\/p>\n\t\t\t\t<img decoding=\"async\" src=\"https:\/\/www.tipserigraphie.com\/wp-content\/uploads\/bb-plugin\/cache\/image-bulle-texte-introduction-page-marquage-industriel-tip-circle.jpg\" alt=\"image-bulle-texte-introduction-page-marquage-industriel-tip\" title=\"image-bulle-texte-introduction-page-marquage-industriel-tip\" itemprop=\"image\"  \/>\n<h2>\n\t\tOur industrial screen printing range\n\t<\/h2>\n\t<p>Discover the type of industrial screen printing that is best suited to the needs of your products.<\/p>\n        \t<meta itemscope itemprop=\"mainEntityOfPage\" itemtype=\"https:\/\/schema.org\/WebPage\" itemid=\"https:\/\/www.tipserigraphie.com\/en\/industrial-screen-printing\/rotomoulding-transfer-printing\/\" content=\"Rotomoulding transfer printing\" \/><meta itemprop=\"datePublished\" content=\"2021-01-06\" \/><meta itemprop=\"dateModified\" content=\"2023-07-18\" \/><meta itemprop=\"name\" content=\"TIP S\u00e9rigraphie\"\/><meta itemprop=\"url\" content=\"https:\/\/www.tipserigraphie.com\/en\/author\/web-ia\/\" \/><meta itemprop=\"name\" content=\"WEB IA\" \/><meta itemprop=\"url\" content=\"https:\/\/www.tipserigraphie.com\/wp-content\/uploads\/2020\/09\/impression-transfert-rotomoulage.jpg\" \/><meta itemprop=\"width\" content=\"264\" \/><meta itemprop=\"height\" content=\"160\" \/><meta itemprop=\"interactionType\" content=\"https:\/\/schema.org\/CommentAction\" \/><meta itemprop=\"userInteractionCount\" content=\"0\" \/>\n        \t<a href='https:\/\/www.tipserigraphie.com\/en\/industrial-screen-printing\/rotomoulding-transfer-printing\/' title='Rotomoulding transfer printing'><img width=\"264\" height=\"160\" src=\"https:\/\/www.tipserigraphie.com\/wp-content\/uploads\/2020\/09\/impression-transfert-rotomoulage.jpg\" alt=\"\" decoding=\"async\" itemprop=\"image\" \/><\/a>\n        <h3><a href='https:\/\/www.tipserigraphie.com\/en\/industrial-screen-printing\/rotomoulding-transfer-printing\/' title='Rotomoulding transfer printing'>Rotomoulding transfer printing<\/a><\/h3>\n        The ROTO-TRANSTIP\u00ae range was developed by our R&#038;D department to accommodate in&#8217;Mold as well as on&#8217;Mold\/postMold applications, depending on customer requirements.\n        <a href=\"https:\/\/www.tipserigraphie.com\/en\/industrial-screen-printing\/rotomoulding-transfer-printing\/\"><\/a>\n        \t<meta itemscope itemprop=\"mainEntityOfPage\" itemtype=\"https:\/\/schema.org\/WebPage\" itemid=\"https:\/\/www.tipserigraphie.com\/en\/industrial-screen-printing\/transfer-printing\/\" content=\"Transfer printing\" \/><meta itemprop=\"datePublished\" content=\"2021-01-06\" \/><meta itemprop=\"dateModified\" content=\"2021-12-17\" \/><meta itemprop=\"name\" content=\"TIP S\u00e9rigraphie\"\/><meta itemprop=\"url\" content=\"https:\/\/www.tipserigraphie.com\/en\/author\/web-ia\/\" \/><meta itemprop=\"name\" content=\"WEB IA\" \/><meta itemprop=\"url\" content=\"https:\/\/www.tipserigraphie.com\/wp-content\/uploads\/2020\/09\/impression-transfert.jpg\" \/><meta itemprop=\"width\" content=\"264\" \/><meta itemprop=\"height\" content=\"160\" \/><meta itemprop=\"interactionType\" content=\"https:\/\/schema.org\/CommentAction\" \/><meta itemprop=\"userInteractionCount\" content=\"0\" \/>\n        \t<a href='https:\/\/www.tipserigraphie.com\/en\/industrial-screen-printing\/transfer-printing\/' title='Transfer printing'><img width=\"264\" height=\"160\" src=\"https:\/\/www.tipserigraphie.com\/wp-content\/uploads\/2020\/09\/impression-transfert.jpg\" alt=\"impression-transfert\" decoding=\"async\" itemprop=\"image\" \/><\/a>\n        <h3><a href='https:\/\/www.tipserigraphie.com\/en\/industrial-screen-printing\/transfer-printing\/' title='Transfer printing'>Transfer printing<\/a><\/h3>\n        The TIP TRANSTIP\u00ae range provides you with flexibility that enables you to carry out the printing process during production or as soon as the customer orders your products.\n        <a href=\"https:\/\/www.tipserigraphie.com\/en\/industrial-screen-printing\/transfer-printing\/\"><\/a>\n        \t<meta itemscope itemprop=\"mainEntityOfPage\" itemtype=\"https:\/\/schema.org\/WebPage\" itemid=\"https:\/\/www.tipserigraphie.com\/en\/industrial-screen-printing\/industrial-printing\/\" content=\"Industrial printing\" \/><meta itemprop=\"datePublished\" content=\"2021-01-06\" \/><meta itemprop=\"dateModified\" content=\"2021-01-21\" \/><meta itemprop=\"name\" content=\"TIP S\u00e9rigraphie\"\/><meta itemprop=\"url\" content=\"https:\/\/www.tipserigraphie.com\/en\/author\/web-ia\/\" \/><meta itemprop=\"name\" content=\"WEB IA\" \/><meta itemprop=\"url\" content=\"https:\/\/www.tipserigraphie.com\/wp-content\/uploads\/2020\/09\/impression-industrielle.jpg\" \/><meta itemprop=\"width\" content=\"264\" \/><meta itemprop=\"height\" content=\"160\" \/><meta itemprop=\"interactionType\" content=\"https:\/\/schema.org\/CommentAction\" \/><meta itemprop=\"userInteractionCount\" content=\"0\" \/>\n        \t<a href='https:\/\/www.tipserigraphie.com\/en\/industrial-screen-printing\/industrial-printing\/' title='Industrial printing'><img width=\"264\" height=\"160\" src=\"https:\/\/www.tipserigraphie.com\/wp-content\/uploads\/2020\/09\/impression-industrielle.jpg\" alt=\"impression-industrielle\" decoding=\"async\" itemprop=\"image\" \/><\/a>\n        <h3><a href='https:\/\/www.tipserigraphie.com\/en\/industrial-screen-printing\/industrial-printing\/' title='Industrial printing'>Industrial printing<\/a><\/h3>\n        This printing is carried out on a wide variety of surfaces and is designed to customise prints on materials. It is a high-performance industrial technique that requires skill, methodology, precision and rigour.\n        <a href=\"https:\/\/www.tipserigraphie.com\/en\/industrial-screen-printing\/industrial-printing\/\"><\/a>\n        \t<meta itemscope itemprop=\"mainEntityOfPage\" itemtype=\"https:\/\/schema.org\/WebPage\" itemid=\"https:\/\/www.tipserigraphie.com\/en\/industrial-screen-printing\/customised-printing-on-aluminium-plates\/\" content=\"Customised printing on aluminium plates\" \/><meta itemprop=\"datePublished\" content=\"2020-12-14\" \/><meta itemprop=\"dateModified\" content=\"2021-01-14\" \/><meta itemprop=\"name\" content=\"TIP S\u00e9rigraphie\"\/><meta itemprop=\"url\" content=\"https:\/\/www.tipserigraphie.com\/en\/author\/web-ia\/\" \/><meta itemprop=\"name\" content=\"WEB IA\" \/><meta itemprop=\"url\" content=\"https:\/\/www.tipserigraphie.com\/wp-content\/uploads\/2020\/09\/personnalisation-plaque-alu.jpg\" \/><meta itemprop=\"width\" content=\"264\" \/><meta itemprop=\"height\" content=\"160\" \/><meta itemprop=\"interactionType\" content=\"https:\/\/schema.org\/CommentAction\" \/><meta itemprop=\"userInteractionCount\" content=\"0\" \/>\n        \t<a href='https:\/\/www.tipserigraphie.com\/en\/industrial-screen-printing\/customised-printing-on-aluminium-plates\/' title='Customised printing on aluminium plates'><img width=\"264\" height=\"160\" src=\"https:\/\/www.tipserigraphie.com\/wp-content\/uploads\/2020\/09\/personnalisation-plaque-alu.jpg\" alt=\"\u00cf\u00deBU\u00f4\u0178\u00d6r\u00dfb\u00fe\u00e4Y\u00fe\u00e0\u00dfJ\u00ea\u00ca \u0152\u00e8ZEE\u0153\u00e7 m\u00d4\u00fd\u00e4\" decoding=\"async\" itemprop=\"image\" \/><\/a>\n        <h3><a href='https:\/\/www.tipserigraphie.com\/en\/industrial-screen-printing\/customised-printing-on-aluminium-plates\/' title='Customised printing on aluminium plates'>Customised printing on aluminium plates<\/a><\/h3>\n        Metal prints draw the eye with their simplicity and meticulous finishes in aluminium, stainless steel and brass with a wide choice of finishes available. Customised metal plates will give a chic and sophisticated look to your products.\n        <a href=\"https:\/\/www.tipserigraphie.com\/en\/industrial-screen-printing\/customised-printing-on-aluminium-plates\/\"><\/a>\n        \t<meta itemscope itemprop=\"mainEntityOfPage\" itemtype=\"https:\/\/schema.org\/WebPage\" itemid=\"https:\/\/www.tipserigraphie.com\/en\/industrial-screen-printing\/digital-printing\/\" content=\"Digital printing\" \/><meta itemprop=\"datePublished\" content=\"2021-01-06\" \/><meta itemprop=\"dateModified\" content=\"2021-01-21\" \/><meta itemprop=\"name\" content=\"TIP S\u00e9rigraphie\"\/><meta itemprop=\"url\" content=\"https:\/\/www.tipserigraphie.com\/en\/author\/web-ia\/\" \/><meta itemprop=\"name\" content=\"WEB IA\" \/><meta itemprop=\"url\" content=\"https:\/\/www.tipserigraphie.com\/wp-content\/uploads\/2020\/09\/impression-numerique.jpg\" \/><meta itemprop=\"width\" content=\"264\" \/><meta itemprop=\"height\" content=\"160\" \/><meta itemprop=\"interactionType\" content=\"https:\/\/schema.org\/CommentAction\" \/><meta itemprop=\"userInteractionCount\" content=\"0\" \/>\n        \t<a href='https:\/\/www.tipserigraphie.com\/en\/industrial-screen-printing\/digital-printing\/' title='Digital printing'><img width=\"264\" height=\"160\" src=\"https:\/\/www.tipserigraphie.com\/wp-content\/uploads\/2020\/09\/impression-numerique.jpg\" alt=\"digital printing\" decoding=\"async\" itemprop=\"image\" \/><\/a>\n        <h3><a href='https:\/\/www.tipserigraphie.com\/en\/industrial-screen-printing\/digital-printing\/' title='Digital printing'>Digital printing<\/a><\/h3>\n        High-definition customised printing which is most importantly industrial, technical and high quality. TIP has been offering a high-quality technical digital printing solution for many years now.\n        <a href=\"https:\/\/www.tipserigraphie.com\/en\/industrial-screen-printing\/digital-printing\/\"><\/a>\n<h2>\n\t\tScreen printing adapted to your needs\n\t<\/h2>\n\t<p>Industrial screen printing is all around you in your everyday life without you even realising it. These prints are on your heaters, window and door openings, water fountains, waste and recycling bins, fishing and recreational boats, etc.<\/p>\n<p>Industrial screen printing is as important as the intrinsic value of your products. A high-end, innovative, aesthetic product and a brand image that is low quality, technically obsolete and that loses its lustre in the first two years are not exactly compatible.<\/p>\n<p>This is why TIP conducts studies and offers products that meet your needs and range of products.<\/p>\n\t\t\t\t\t\t\t\t\t<img decoding=\"async\" src=\"https:\/\/www.tipserigraphie.com\/wp-content\/uploads\/bb-plugin\/cache\/PAGE-MARQUAGE-INDUSTRIEL-TEXTE-UN-MARQUAGE-ADAPTE-A-VOS-BESOINS-TIP-768x1024-landscape.jpg\" alt=\"UN MARQUAGE ADAPTE A VOS BESOINS TIP\" itemprop=\"image\" height=\"1024\" width=\"768\" title=\"PAGE MARQUAGE INDUSTRIEL TEXTE UN MARQUAGE ADAPTE A VOS BESOINS TIP\" onerror=\"this.style.display='none'\"  \/>\n\t\t\t\t\t\t\t\t\t<img decoding=\"async\" src=\"https:\/\/www.tipserigraphie.com\/wp-content\/uploads\/bb-plugin\/cache\/PAGE-MARQUAGE-INDUSTRIEL-TEXTE-UNE-REPONSE-A-VOTRE-CDC-TIP-1024x550-landscape.jpg\" alt=\"UNE REPONSE A VOTRE CDC TIP\" itemprop=\"image\" height=\"550\" width=\"1024\" title=\"PAGE MARQUAGE INDUSTRIEL TEXTE UNE REPONSE A VOTRE CDC TIP\" onerror=\"this.style.display='none'\"  \/>\n<h2>\n\t\tMeeting your specifications\n\t<\/h2>\n\t<p>We wish to meet your specifications and the current standards used in your market to the best of our ability to be sure we are on the same page.<\/p>\n<p>For each new product or project you entrust to us, one of our regional managers will meet with you and apply the following method:<\/p>\n<ol>\n<li>Become familiar with your business and customers.<\/li>\n<li>Define your technical needs <a href=\"https:\/\/www.tipserigraphie.com\/en\/personalised-design-request\/\">using the G.E.S.T method<\/a> (French acronym for Management of TIP Screen Printing Design) created and implemented by TIP and its sales and technical departments.<\/li>\n<\/ol>\n\tAre you looking for a customised design?\n\t<p>Using its innovative and revolutionary G.E.S.T. method (French acronym for Management of TIP Screen Printing Designs) for defining technical needs, TIP will assist you with your project<\/p>\n<p>Our technical sales team will get back to you in under 24 hours.<\/p>\n\t<a href=\"https:\/\/www.tipserigraphie.com\/en\/personalised-design-request\/\" target=\"_self\" role=\"button\" aria-label=\"request a quote\" rel=\"noopener\">\n\t\t\t\t\t\trequest a quote\n\t\t\t\t\t<\/a>\n\n","protected":false},"excerpt":{"rendered":"<p>Tip S\u00e9rigraphie Screen printing is the oldest printing process in the world. It combines practical craftsmanship, industrial processes and innovative techniques. Industrial screen printing needs to be innovative, long-lasting, efficient and high quality to ensure that the brand image is visible to everyone. Our industrial screen printing range Discover the type of industrial screen printing&hellip;<\/p>\n","protected":false},"author":3,"featured_media":0,"parent":0,"menu_order":0,"comment_status":"closed","ping_status":"closed","template":"","meta":{"_acf_changed":false,"footnotes":""},"class_list":["post-4764","page","type-page","status-publish","hentry"],"acf":[],"yoast_head":"<!-- This site is optimized with the Yoast SEO plugin v27.5 - https:\/\/yoast.com\/product\/yoast-seo-wordpress\/ -->\n<title>Industrial screen printing - Screen printing for industry - TIP S\u00e9rigraphie<\/title>\n<meta name=\"description\" content=\"Innovative and long-lasting industrial screen printing with TIP S\u00e9rigraphie! Make sure you have a quality brand image that is visible to everyone!\" \/>\n<meta name=\"robots\" content=\"index, follow, max-snippet:-1, max-image-preview:large, max-video-preview:-1\" \/>\n<link rel=\"canonical\" href=\"https:\/\/www.tipserigraphie.com\/en\/industrial-screen-printing\/\" \/>\n<meta property=\"og:locale\" content=\"en_US\" \/>\n<meta property=\"og:type\" content=\"article\" \/>\n<meta property=\"og:title\" content=\"Industrial screen printing - Screen printing for industry - TIP S\u00e9rigraphie\" \/>\n<meta property=\"og:description\" content=\"Innovative and long-lasting industrial screen printing with TIP S\u00e9rigraphie! Make sure you have a quality brand image that is visible to everyone!\" \/>\n<meta property=\"og:url\" content=\"https:\/\/www.tipserigraphie.com\/en\/industrial-screen-printing\/\" \/>\n<meta property=\"og:site_name\" content=\"TIP S\u00e9rigraphie\" \/>\n<meta property=\"article:publisher\" content=\"https:\/\/www.facebook.com\/tipindustrie\/\" \/>\n<meta property=\"article:modified_time\" content=\"2023-10-18T15:07:31+00:00\" \/>\n<meta property=\"og:image\" content=\"https:\/\/www.tipserigraphie.com\/wp-content\/uploads\/bb-plugin\/cache\/image-bulle-texte-introduction-page-marquage-industriel-tip-circle.jpg\" \/>\n<meta name=\"twitter:card\" content=\"summary_large_image\" \/>\n<meta name=\"twitter:site\" content=\"@tip_serigraphie\" \/>\n<meta name=\"twitter:label1\" content=\"Est. reading time\" \/>\n\t<meta name=\"twitter:data1\" content=\"2 minutes\" \/>\n<script type=\"application\/ld+json\" class=\"yoast-schema-graph\">{\"@context\":\"https:\\\/\\\/schema.org\",\"@graph\":[{\"@type\":\"WebPage\",\"@id\":\"https:\\\/\\\/www.tipserigraphie.com\\\/en\\\/industrial-screen-printing\\\/\",\"url\":\"https:\\\/\\\/www.tipserigraphie.com\\\/en\\\/industrial-screen-printing\\\/\",\"name\":\"Industrial screen printing - Screen printing for industry - TIP S\u00e9rigraphie\",\"isPartOf\":{\"@id\":\"https:\\\/\\\/www.tipserigraphie.com\\\/en\\\/#website\"},\"primaryImageOfPage\":{\"@id\":\"https:\\\/\\\/www.tipserigraphie.com\\\/en\\\/industrial-screen-printing\\\/#primaryimage\"},\"image\":{\"@id\":\"https:\\\/\\\/www.tipserigraphie.com\\\/en\\\/industrial-screen-printing\\\/#primaryimage\"},\"thumbnailUrl\":\"https:\\\/\\\/www.tipserigraphie.com\\\/wp-content\\\/uploads\\\/bb-plugin\\\/cache\\\/image-bulle-texte-introduction-page-marquage-industriel-tip-circle.jpg\",\"datePublished\":\"2021-01-06T10:27:40+00:00\",\"dateModified\":\"2023-10-18T15:07:31+00:00\",\"description\":\"Innovative and long-lasting industrial screen printing with TIP S\u00e9rigraphie! Make sure you have a quality brand image that is visible to everyone!\",\"breadcrumb\":{\"@id\":\"https:\\\/\\\/www.tipserigraphie.com\\\/en\\\/industrial-screen-printing\\\/#breadcrumb\"},\"inLanguage\":\"en-US\",\"potentialAction\":[{\"@type\":\"ReadAction\",\"target\":[\"https:\\\/\\\/www.tipserigraphie.com\\\/en\\\/industrial-screen-printing\\\/\"]}]},{\"@type\":\"ImageObject\",\"inLanguage\":\"en-US\",\"@id\":\"https:\\\/\\\/www.tipserigraphie.com\\\/en\\\/industrial-screen-printing\\\/#primaryimage\",\"url\":\"https:\\\/\\\/www.tipserigraphie.com\\\/wp-content\\\/uploads\\\/bb-plugin\\\/cache\\\/image-bulle-texte-introduction-page-marquage-industriel-tip-circle.jpg\",\"contentUrl\":\"https:\\\/\\\/www.tipserigraphie.com\\\/wp-content\\\/uploads\\\/bb-plugin\\\/cache\\\/image-bulle-texte-introduction-page-marquage-industriel-tip-circle.jpg\"},{\"@type\":\"BreadcrumbList\",\"@id\":\"https:\\\/\\\/www.tipserigraphie.com\\\/en\\\/industrial-screen-printing\\\/#breadcrumb\",\"itemListElement\":[{\"@type\":\"ListItem\",\"position\":1,\"name\":\"Home\",\"item\":\"https:\\\/\\\/www.tipserigraphie.com\\\/en\\\/\"},{\"@type\":\"ListItem\",\"position\":2,\"name\":\"Industrial screen printing\"}]},{\"@type\":\"WebSite\",\"@id\":\"https:\\\/\\\/www.tipserigraphie.com\\\/en\\\/#website\",\"url\":\"https:\\\/\\\/www.tipserigraphie.com\\\/en\\\/\",\"name\":\"TIP S\u00e9rigraphie\",\"description\":\"Marquages Industriels\",\"publisher\":{\"@id\":\"https:\\\/\\\/www.tipserigraphie.com\\\/en\\\/#organization\"},\"potentialAction\":[{\"@type\":\"SearchAction\",\"target\":{\"@type\":\"EntryPoint\",\"urlTemplate\":\"https:\\\/\\\/www.tipserigraphie.com\\\/en\\\/?s={search_term_string}\"},\"query-input\":{\"@type\":\"PropertyValueSpecification\",\"valueRequired\":true,\"valueName\":\"search_term_string\"}}],\"inLanguage\":\"en-US\"},{\"@type\":\"Organization\",\"@id\":\"https:\\\/\\\/www.tipserigraphie.com\\\/en\\\/#organization\",\"name\":\"Tip\",\"url\":\"https:\\\/\\\/www.tipserigraphie.com\\\/en\\\/\",\"logo\":{\"@type\":\"ImageObject\",\"inLanguage\":\"en-US\",\"@id\":\"https:\\\/\\\/www.tipserigraphie.com\\\/en\\\/#\\\/schema\\\/logo\\\/image\\\/\",\"url\":\"https:\\\/\\\/www.tipserigraphie.com\\\/wp-content\\\/uploads\\\/2020\\\/10\\\/logo-tip-serigraphie.png\",\"contentUrl\":\"https:\\\/\\\/www.tipserigraphie.com\\\/wp-content\\\/uploads\\\/2020\\\/10\\\/logo-tip-serigraphie.png\",\"width\":151,\"height\":151,\"caption\":\"Tip\"},\"image\":{\"@id\":\"https:\\\/\\\/www.tipserigraphie.com\\\/en\\\/#\\\/schema\\\/logo\\\/image\\\/\"},\"sameAs\":[\"https:\\\/\\\/www.facebook.com\\\/tipindustrie\\\/\",\"https:\\\/\\\/x.com\\\/tip_serigraphie\",\"https:\\\/\\\/www.linkedin.com\\\/company\\\/tip-serigraphie-seritip\\\/\",\"https:\\\/\\\/www.youtube.com\\\/channel\\\/UCPzRvNMDl0fKTc7zrNewiHw\"]}]}<\/script>\n<!-- \/ Yoast SEO plugin. -->","yoast_head_json":{"title":"Industrial screen printing - Screen printing for industry - TIP S\u00e9rigraphie","description":"Innovative and long-lasting industrial screen printing with TIP S\u00e9rigraphie! Make sure you have a quality brand image that is visible to everyone!","robots":{"index":"index","follow":"follow","max-snippet":"max-snippet:-1","max-image-preview":"max-image-preview:large","max-video-preview":"max-video-preview:-1"},"canonical":"https:\/\/www.tipserigraphie.com\/en\/industrial-screen-printing\/","og_locale":"en_US","og_type":"article","og_title":"Industrial screen printing - Screen printing for industry - TIP S\u00e9rigraphie","og_description":"Innovative and long-lasting industrial screen printing with TIP S\u00e9rigraphie! Make sure you have a quality brand image that is visible to everyone!","og_url":"https:\/\/www.tipserigraphie.com\/en\/industrial-screen-printing\/","og_site_name":"TIP S\u00e9rigraphie","article_publisher":"https:\/\/www.facebook.com\/tipindustrie\/","article_modified_time":"2023-10-18T15:07:31+00:00","og_image":[{"url":"https:\/\/www.tipserigraphie.com\/wp-content\/uploads\/bb-plugin\/cache\/image-bulle-texte-introduction-page-marquage-industriel-tip-circle.jpg","type":"","width":"","height":""}],"twitter_card":"summary_large_image","twitter_site":"@tip_serigraphie","twitter_misc":{"Est. reading time":"2 minutes"},"schema":{"@context":"https:\/\/schema.org","@graph":[{"@type":"WebPage","@id":"https:\/\/www.tipserigraphie.com\/en\/industrial-screen-printing\/","url":"https:\/\/www.tipserigraphie.com\/en\/industrial-screen-printing\/","name":"Industrial screen printing - Screen printing for industry - TIP S\u00e9rigraphie","isPartOf":{"@id":"https:\/\/www.tipserigraphie.com\/en\/#website"},"primaryImageOfPage":{"@id":"https:\/\/www.tipserigraphie.com\/en\/industrial-screen-printing\/#primaryimage"},"image":{"@id":"https:\/\/www.tipserigraphie.com\/en\/industrial-screen-printing\/#primaryimage"},"thumbnailUrl":"https:\/\/www.tipserigraphie.com\/wp-content\/uploads\/bb-plugin\/cache\/image-bulle-texte-introduction-page-marquage-industriel-tip-circle.jpg","datePublished":"2021-01-06T10:27:40+00:00","dateModified":"2023-10-18T15:07:31+00:00","description":"Innovative and long-lasting industrial screen printing with TIP S\u00e9rigraphie! Make sure you have a quality brand image that is visible to everyone!","breadcrumb":{"@id":"https:\/\/www.tipserigraphie.com\/en\/industrial-screen-printing\/#breadcrumb"},"inLanguage":"en-US","potentialAction":[{"@type":"ReadAction","target":["https:\/\/www.tipserigraphie.com\/en\/industrial-screen-printing\/"]}]},{"@type":"ImageObject","inLanguage":"en-US","@id":"https:\/\/www.tipserigraphie.com\/en\/industrial-screen-printing\/#primaryimage","url":"https:\/\/www.tipserigraphie.com\/wp-content\/uploads\/bb-plugin\/cache\/image-bulle-texte-introduction-page-marquage-industriel-tip-circle.jpg","contentUrl":"https:\/\/www.tipserigraphie.com\/wp-content\/uploads\/bb-plugin\/cache\/image-bulle-texte-introduction-page-marquage-industriel-tip-circle.jpg"},{"@type":"BreadcrumbList","@id":"https:\/\/www.tipserigraphie.com\/en\/industrial-screen-printing\/#breadcrumb","itemListElement":[{"@type":"ListItem","position":1,"name":"Home","item":"https:\/\/www.tipserigraphie.com\/en\/"},{"@type":"ListItem","position":2,"name":"Industrial screen printing"}]},{"@type":"WebSite","@id":"https:\/\/www.tipserigraphie.com\/en\/#website","url":"https:\/\/www.tipserigraphie.com\/en\/","name":"TIP S\u00e9rigraphie","description":"Marquages Industriels","publisher":{"@id":"https:\/\/www.tipserigraphie.com\/en\/#organization"},"potentialAction":[{"@type":"SearchAction","target":{"@type":"EntryPoint","urlTemplate":"https:\/\/www.tipserigraphie.com\/en\/?s={search_term_string}"},"query-input":{"@type":"PropertyValueSpecification","valueRequired":true,"valueName":"search_term_string"}}],"inLanguage":"en-US"},{"@type":"Organization","@id":"https:\/\/www.tipserigraphie.com\/en\/#organization","name":"Tip","url":"https:\/\/www.tipserigraphie.com\/en\/","logo":{"@type":"ImageObject","inLanguage":"en-US","@id":"https:\/\/www.tipserigraphie.com\/en\/#\/schema\/logo\/image\/","url":"https:\/\/www.tipserigraphie.com\/wp-content\/uploads\/2020\/10\/logo-tip-serigraphie.png","contentUrl":"https:\/\/www.tipserigraphie.com\/wp-content\/uploads\/2020\/10\/logo-tip-serigraphie.png","width":151,"height":151,"caption":"Tip"},"image":{"@id":"https:\/\/www.tipserigraphie.com\/en\/#\/schema\/logo\/image\/"},"sameAs":["https:\/\/www.facebook.com\/tipindustrie\/","https:\/\/x.com\/tip_serigraphie","https:\/\/www.linkedin.com\/company\/tip-serigraphie-seritip\/","https:\/\/www.youtube.com\/channel\/UCPzRvNMDl0fKTc7zrNewiHw"]}]}},"_links":{"self":[{"href":"https:\/\/www.tipserigraphie.com\/en\/wp-json\/wp\/v2\/pages\/4764","targetHints":{"allow":["GET"]}}],"collection":[{"href":"https:\/\/www.tipserigraphie.com\/en\/wp-json\/wp\/v2\/pages"}],"about":[{"href":"https:\/\/www.tipserigraphie.com\/en\/wp-json\/wp\/v2\/types\/page"}],"author":[{"embeddable":true,"href":"https:\/\/www.tipserigraphie.com\/en\/wp-json\/wp\/v2\/users\/3"}],"replies":[{"embeddable":true,"href":"https:\/\/www.tipserigraphie.com\/en\/wp-json\/wp\/v2\/comments?post=4764"}],"version-history":[{"count":2,"href":"https:\/\/www.tipserigraphie.com\/en\/wp-json\/wp\/v2\/pages\/4764\/revisions"}],"predecessor-version":[{"id":7055,"href":"https:\/\/www.tipserigraphie.com\/en\/wp-json\/wp\/v2\/pages\/4764\/revisions\/7055"}],"wp:attachment":[{"href":"https:\/\/www.tipserigraphie.com\/en\/wp-json\/wp\/v2\/media?parent=4764"}],"curies":[{"name":"wp","href":"https:\/\/api.w.org\/{rel}","templated":true}]}}