{"id":4802,"date":"2021-01-06T11:27:52","date_gmt":"2021-01-06T10:27:52","guid":{"rendered":"https:\/\/www.tipserigraphie.com\/home\/"},"modified":"2024-05-15T09:39:21","modified_gmt":"2024-05-15T07:39:21","slug":"home","status":"publish","type":"page","link":"https:\/\/www.tipserigraphie.com\/en\/","title":{"rendered":"Home"},"content":{"rendered":"\n\n\t\t<h1>\n\t\t\tTip S\u00e9rigraphie\n\t\t\t\t\t\t\t\t\t\t\tinnovative industrial customisation\n\t\t<\/h1>\n\t\t\t<p>A major player in innovative industrial printing on the European market.<\/p>\t\t\n\t<p>&nbsp;<\/p>\n<p><strong>Our ISO 9001 certfication is online!<\/strong><\/p>\n\t\t\t\t<a href=\"https:\/\/certificats-attestations.afnor.org\/certification=110788710569\" target=\"_blank\" rel=\"noopener\" itemprop=\"url\">\n\t\t\t\t<img decoding=\"async\" src=\"https:\/\/www.tipserigraphie.com\/wp-content\/uploads\/2020\/11\/logo_afnor_9001.jpg\" alt=\"Logo ISO 9001\" itemprop=\"image\" height=\"277\" width=\"300\" title=\"logo_afnor_9001\" onerror=\"this.style.display='none'\"  \/>\n\t\t\t\t<\/a>\n\t\t\t\t<a href=\"https:\/\/certificats-attestations.afnor.org\/certification=110788710569\" target=\"_blank\" rel=\"noopener\" itemprop=\"url\">\n\t\t\t\t<img decoding=\"async\" src=\"https:\/\/www.tipserigraphie.com\/wp-content\/uploads\/2021\/12\/QR-code-TIP-certification.png\" alt=\"QR-code-TIP-certification\" itemprop=\"image\" height=\"100\" width=\"100\" title=\"QR-code-TIP-certification\" onerror=\"this.style.display='none'\"  \/>\n\t\t\t\t<\/a>\n\t<p>Backed by 40 years of experience, know-how and development in screen printing, digital printing and transfer printing, TIP is here for you to meet your needs.<\/p>\n<p>Working with you to carry your project to success is a part of who we are.<\/p>\n\t<ul>\n\t\t\t<li>\n\t\t\t\t<a href=\"https:\/\/www.tipserigraphie.com\/en\/about-us\/\" target=\"_self\" data-hover=\"Learn more\" rel=\"noopener\">Learn more<\/a>\n\t\t<\/li>\n\t\t\t\t<\/ul>\n\t\t\t\t<img decoding=\"async\" src=\"https:\/\/www.tipserigraphie.com\/wp-content\/uploads\/bb-plugin\/cache\/tip-serigraphie_personnalisation-industrielle-innovante-card-500x500-circle.jpg\" alt=\"tip-serigraphie_personnalisation-industrielle-innovante-card\" title=\"tip-serigraphie_personnalisation-industrielle-innovante-card\" itemprop=\"image\"  \/>\n<h2>\n\t\tIndustrial printing\n\t<\/h2>\n\t<p>Consistently high-quality printing &#8211; because we put quality at the centre of both our processes and our product range!<\/p>\n        \t<meta itemscope itemprop=\"mainEntityOfPage\" itemtype=\"https:\/\/schema.org\/WebPage\" itemid=\"http:\/\/4811\" content=\"Rotomoulding transfer printing\" \/><meta itemprop=\"datePublished\" content=\"2021-01-06\" \/><meta itemprop=\"dateModified\" content=\"2024-05-13\" \/><meta itemprop=\"name\" content=\"TIP S\u00e9rigraphie\"\/><meta itemprop=\"url\" content=\"https:\/\/www.tipserigraphie.com\/en\/author\/web-ia\/\" \/><meta itemprop=\"name\" content=\"WEB IA\" \/><meta itemprop=\"url\" content=\"https:\/\/www.tipserigraphie.com\/wp-content\/uploads\/2020\/09\/impression-transfert-rotomoulage.jpg\" \/><meta itemprop=\"width\" content=\"264\" \/><meta itemprop=\"height\" content=\"160\" \/><meta itemprop=\"interactionType\" content=\"https:\/\/schema.org\/CommentAction\" \/><meta itemprop=\"userInteractionCount\" content=\"0\" \/>\n        \t<a href='https:\/\/www.tipserigraphie.com\/en\/industrial-screen-printing\/rotomoulding-transfer-printing\/' title='Rotomoulding transfer printing'><img width=\"264\" height=\"160\" src=\"https:\/\/www.tipserigraphie.com\/wp-content\/uploads\/2020\/09\/impression-transfert-rotomoulage.jpg\" alt=\"\" itemprop=\"image\" decoding=\"async\" \/><\/a>\n            <h3><a href='https:\/\/www.tipserigraphie.com\/en\/industrial-screen-printing\/rotomoulding-transfer-printing\/' title='Rotomoulding transfer printing'>Rotomoulding transfer printing<\/a><\/h3>\n        The rotomoulding transfer printing range is a revolutionary innovation resulting from 10 years of R&#038;D and will allow you to highlight your brand image or best use recommendations over the long term.\n        <a href=\"https:\/\/www.tipserigraphie.com\/en\/industrial-screen-printing\/rotomoulding-transfer-printing\/\"><\/a>\n        \t<meta itemscope itemprop=\"mainEntityOfPage\" itemtype=\"https:\/\/schema.org\/WebPage\" itemid=\"http:\/\/4854\" content=\"Transfer printing\" \/><meta itemprop=\"datePublished\" content=\"2021-01-06\" \/><meta itemprop=\"dateModified\" content=\"2024-05-13\" \/><meta itemprop=\"name\" content=\"TIP S\u00e9rigraphie\"\/><meta itemprop=\"url\" content=\"https:\/\/www.tipserigraphie.com\/en\/author\/web-ia\/\" \/><meta itemprop=\"name\" content=\"WEB IA\" \/><meta itemprop=\"url\" content=\"https:\/\/www.tipserigraphie.com\/wp-content\/uploads\/2020\/09\/impression-transfert.jpg\" \/><meta itemprop=\"width\" content=\"264\" \/><meta itemprop=\"height\" content=\"160\" \/><meta itemprop=\"interactionType\" content=\"https:\/\/schema.org\/CommentAction\" \/><meta itemprop=\"userInteractionCount\" content=\"0\" \/>\n        \t<a href='https:\/\/www.tipserigraphie.com\/en\/industrial-screen-printing\/transfer-printing\/' title='Transfer printing'><img width=\"264\" height=\"160\" src=\"https:\/\/www.tipserigraphie.com\/wp-content\/uploads\/2020\/09\/impression-transfert.jpg\" alt=\"impression-transfert\" itemprop=\"image\" decoding=\"async\" \/><\/a>\n            <h3><a href='https:\/\/www.tipserigraphie.com\/en\/industrial-screen-printing\/transfer-printing\/' title='Transfer printing'>Transfer printing<\/a><\/h3>\n        TRANSTIP\u00ae transfer printing, whether dry, wet, recoatable or hot, enables you to carry out the printing process on your parts in your workshops with direct control over your brand image and its quality. \n        <a href=\"https:\/\/www.tipserigraphie.com\/en\/industrial-screen-printing\/transfer-printing\/\"><\/a>\n        \t<meta itemscope itemprop=\"mainEntityOfPage\" itemtype=\"https:\/\/schema.org\/WebPage\" itemid=\"http:\/\/4904\" content=\"Industrial printing\" \/><meta itemprop=\"datePublished\" content=\"2021-01-06\" \/><meta itemprop=\"dateModified\" content=\"2024-05-13\" \/><meta itemprop=\"name\" content=\"TIP S\u00e9rigraphie\"\/><meta itemprop=\"url\" content=\"https:\/\/www.tipserigraphie.com\/en\/author\/web-ia\/\" \/><meta itemprop=\"name\" content=\"WEB IA\" \/><meta itemprop=\"url\" content=\"https:\/\/www.tipserigraphie.com\/wp-content\/uploads\/2020\/09\/impression-industrielle.jpg\" \/><meta itemprop=\"width\" content=\"264\" \/><meta itemprop=\"height\" content=\"160\" \/><meta itemprop=\"interactionType\" content=\"https:\/\/schema.org\/CommentAction\" \/><meta itemprop=\"userInteractionCount\" content=\"0\" \/>\n        \t<a href='https:\/\/www.tipserigraphie.com\/en\/industrial-screen-printing\/industrial-printing\/' title='Industrial printing'><img width=\"264\" height=\"160\" src=\"https:\/\/www.tipserigraphie.com\/wp-content\/uploads\/2020\/09\/impression-industrielle.jpg\" alt=\"impression-industrielle\" itemprop=\"image\" decoding=\"async\" \/><\/a>\n            <h3><a href='https:\/\/www.tipserigraphie.com\/en\/industrial-screen-printing\/industrial-printing\/' title='Industrial printing'>Industrial printing<\/a><\/h3>\n        The industrial world faces a variety of specific constraints that require visible and long-lasting prints. Industrial printing makes it possible to convey a quality visual identity for your products.\n        <a href=\"https:\/\/www.tipserigraphie.com\/en\/industrial-screen-printing\/industrial-printing\/\"><\/a>\n        \t<meta itemscope itemprop=\"mainEntityOfPage\" itemtype=\"https:\/\/schema.org\/WebPage\" itemid=\"http:\/\/4720\" content=\"Customised printing on aluminium plates\" \/><meta itemprop=\"datePublished\" content=\"2020-12-14\" \/><meta itemprop=\"dateModified\" content=\"2024-05-13\" \/><meta itemprop=\"name\" content=\"TIP S\u00e9rigraphie\"\/><meta itemprop=\"url\" content=\"https:\/\/www.tipserigraphie.com\/en\/author\/web-ia\/\" \/><meta itemprop=\"name\" content=\"WEB IA\" \/><meta itemprop=\"url\" content=\"https:\/\/www.tipserigraphie.com\/wp-content\/uploads\/2020\/09\/personnalisation-plaque-alu.jpg\" \/><meta itemprop=\"width\" content=\"264\" \/><meta itemprop=\"height\" content=\"160\" \/><meta itemprop=\"interactionType\" content=\"https:\/\/schema.org\/CommentAction\" \/><meta itemprop=\"userInteractionCount\" content=\"0\" \/>\n        \t<a href='https:\/\/www.tipserigraphie.com\/en\/industrial-screen-printing\/customised-printing-on-aluminium-plates\/' title='Customised printing on aluminium plates'><img width=\"264\" height=\"160\" src=\"https:\/\/www.tipserigraphie.com\/wp-content\/uploads\/2020\/09\/personnalisation-plaque-alu.jpg\" alt=\"\u00cf\u00deBU\u00f4\u0178\u00d6r\u00dfb\u00fe\u00e4Y\u00fe\u00e0\u00dfJ\u00ea\u00ca \u0152\u00e8ZEE\u0153\u00e7 m\u00d4\u00fd\u00e4\" itemprop=\"image\" decoding=\"async\" \/><\/a>\n            <h3><a href='https:\/\/www.tipserigraphie.com\/en\/industrial-screen-printing\/customised-printing-on-aluminium-plates\/' title='Customised printing on aluminium plates'>Customised printing on aluminium plates<\/a><\/h3>\n        Directly from our Spanish branch: technical skills and expertise to carry out customisations of your specific prints on metal plates. \n        <a href=\"https:\/\/www.tipserigraphie.com\/en\/industrial-screen-printing\/customised-printing-on-aluminium-plates\/\"><\/a>\n        \t<meta itemscope itemprop=\"mainEntityOfPage\" itemtype=\"https:\/\/schema.org\/WebPage\" itemid=\"http:\/\/4756\" content=\"Digital printing\" \/><meta itemprop=\"datePublished\" content=\"2021-01-06\" \/><meta itemprop=\"dateModified\" content=\"2024-05-13\" \/><meta itemprop=\"name\" content=\"TIP S\u00e9rigraphie\"\/><meta itemprop=\"url\" content=\"https:\/\/www.tipserigraphie.com\/en\/author\/web-ia\/\" \/><meta itemprop=\"name\" content=\"WEB IA\" \/><meta itemprop=\"url\" content=\"https:\/\/www.tipserigraphie.com\/wp-content\/uploads\/2020\/09\/impression-numerique.jpg\" \/><meta itemprop=\"width\" content=\"264\" \/><meta itemprop=\"height\" content=\"160\" \/><meta itemprop=\"interactionType\" content=\"https:\/\/schema.org\/CommentAction\" \/><meta itemprop=\"userInteractionCount\" content=\"0\" \/>\n        \t<a href='https:\/\/www.tipserigraphie.com\/en\/industrial-screen-printing\/digital-printing\/' title='Digital printing'><img width=\"264\" height=\"160\" src=\"https:\/\/www.tipserigraphie.com\/wp-content\/uploads\/2020\/09\/impression-numerique.jpg\" alt=\"digital printing\" itemprop=\"image\" decoding=\"async\" \/><\/a>\n            <h3><a href='https:\/\/www.tipserigraphie.com\/en\/industrial-screen-printing\/digital-printing\/' title='Digital printing'>Digital printing<\/a><\/h3>\n        Using a digital printer makes it even easier to produce your logos in terms of quantity, finesse and rendering. We can provide a result worthy of the highest quality visuals.\n        <a href=\"https:\/\/www.tipserigraphie.com\/en\/industrial-screen-printing\/digital-printing\/\"><\/a>\n\t<a href=\"https:\/\/www.tipserigraphie.com\/en\/industrial-screen-printing\/\" target=\"_self\" role=\"button\" aria-label=\"All our industrial printing methods\" rel=\"noopener\">\n\t\t\t\t\t\tAll our industrial printing methods\n\t\t\t\t\t<\/a>\n\t\t\t\t<img decoding=\"async\" src=\"https:\/\/www.tipserigraphie.com\/wp-content\/uploads\/2020\/10\/PAGE-ACCUEIL-LOGO-MADE-IN-FRANCE-QUI-SOMMES-NOUS--1024x532.jpg\" alt=\"Made in France\" title=\"Made in France\" itemprop=\"image\"  \/>\n<h3>\n\t\tAbout us\n\t<\/h3>\n\t<p><strong>TIP INDUSTRY AND TEXTILES<\/strong>: 60 partners, all based in France, 40 years of experience customising via industrial printing. Our company is ready to work closely with you to find the perfect solution to your specifications.<\/p>\n<p><strong>3 production sites:<\/strong><\/p>\n<ul>\n<li>Pays de la Loire (Vend\u00e9e, France)<\/li>\n<li>Rh\u00f4ne Alpes (Ain, France)<\/li>\n<li>Catalonia (Barcelona, Spain)<\/li>\n<\/ul>\n<p>Each site can meet your customisation requirements in its specialist field.<\/p>\n<p>30 years of R&amp;D and 50 patent filings across the field of industrial customisation printing from SMEs to large corporations.<\/p>\n<p>Stand out from the crowd by working with a GOTS-certified textile printing division based entirely in France, offering a unique embossed illumination-style technique.<\/p>\n\t<a href=\"https:\/\/www.tipserigraphie.com\/en\/about-us\/\" target=\"_self\" role=\"button\" aria-label=\"Learn more\" rel=\"noopener\">\n\t\t\t\t\t\tLearn more\n\t\t\t\t\t<\/a>\n<h2>\n\t\tWhat TIP S\u00e9rigraphie has to offer:\n\t<\/h2>\n\t<ul>\n\t\t\t<li>\n\t\t\t\tExpert knowledge of industrial printing\n\t\t\t<\/li>\n\t\t\t<li>\n\t\t\t\tTextile customisation\n\t\t\t<\/li>\n\t\t\t<li>\n\t\t\t\tMetal plate printing for use in the industrial, communications and tourism sectors\n\t\t\t<\/li>\n\t\t\t<li>\n\t\t\t\tThe creation of medium to large volumes\n\t\t\t<\/li>\n\t\t<\/ul>\n\t<p>Our core business is <strong>industrial transfer printing<\/strong> for the <strong>aeronautics<\/strong>, <strong>rubber<\/strong>, <strong>rotomoulding<\/strong>, <strong>tyre<\/strong> and <strong>textile<\/strong> <strong>industries<\/strong>.<\/p>\n<p>We also perform every type of industrial printing, including technical adhesive film (such instructions or a brand image) and domed adhesive film, faceplates or even metal plates.<\/p>\n\t\t\t\t\t\t\t\t\t<img decoding=\"async\" src=\"https:\/\/www.tipserigraphie.com\/wp-content\/uploads\/bb-plugin\/cache\/FACADE-TIP-landscape.jpg\" alt=\"tip serigraphie- locaux\" itemprop=\"image\" height=\"506\" width=\"506\" title=\"FACADE-TIP\" onerror=\"this.style.display='none'\"  \/>\n\t\t\t\t\t\t\t\t\t<img decoding=\"async\" src=\"https:\/\/www.tipserigraphie.com\/wp-content\/uploads\/bb-plugin\/cache\/chaine-impression-numerique-tip-landscape.png\" alt=\"chaine-impression-numerique-tip\" itemprop=\"image\" height=\"376\" width=\"540\" title=\"chaine-impression-numerique-tip\" onerror=\"this.style.display='none'\"  \/>\n<h3>\n\t\tAn autonomous graphical chain\n\t<\/h3>\n\t<ul>\n\t\t\t<li>\n\t\t\t\tA reserve of raw materials for the most frequently ordered products\n\t\t\t<\/li>\n\t\t\t<li>\n\t\t\t\tMethod\/prepress with DTP software and platesetter to output our silk screen stencils\n\t\t\t<\/li>\n\t\t\t<li>\n\t\t\t\tPlatemaking in order to produce our screens\n\t\t\t<\/li>\n\t\t\t<li>\n\t\t\t\tPrinting of 6 production lines in \u00be automatic and automatic, as well as digital printing, of course\n\t\t\t<\/li>\n\t\t\t<li>\n\t\t\t\tShaping via guillotines, die cutting machines, digital printing tables, laminators\n\t\t\t<\/li>\n\t\t\t<li>\n\t\t\t\tInspection of finished product and packaging\n\t\t\t<\/li>\n\t\t\t<li>\n\t\t\t\tDespatch and\/or storage of finished product to ensure the regular provision of your biannual or annual orders\n\t\t\t<\/li>\n\t\t<\/ul>\n<h3>\n\t\tOur company, at your service\n\t<\/h3>\n\t<ul>\n\t\t\t<li>\n\t\t\t\tThe first industrial printing research and development department in Europe dedicated specifically to R&#038;D and with three partner laboratories across Europe\n\t\t\t<\/li>\n\t\t\t<li>\n\t\t\t\tAn engineering office which pulls out all the stops to meet your specifications\n\t\t\t<\/li>\n\t\t\t<li>\n\t\t\t\tResponsive customer quality, safety and environmental departments at your service\n\t\t\t<\/li>\n\t\t\t<li>\n\t\t\t\tA technical sales team based in France and Europe by your side\n\t\t\t<\/li>\n\t\t\t<li>\n\t\t\t\tA logistics department with steadily increasing storage and deliveries\n\t\t\t<\/li>\n\t\t\t<li>\n\t\t\t\tAdministrative and HR departments which act independently for most requirements\n\t\t\t<\/li>\n\t\t<\/ul>\n\t\t\t\t\t\t\t\t\t<img decoding=\"async\" src=\"https:\/\/www.tipserigraphie.com\/wp-content\/uploads\/bb-plugin\/cache\/service_tip_entreprise_serigraphie-1024x683-landscape.jpg\" alt=\"service_tip_entreprise_serigraphie\" itemprop=\"image\" height=\"683\" width=\"1024\" title=\"service_tip_entreprise_serigraphie\" onerror=\"this.style.display='none'\"  \/>\n\tAre you looking for a customised design?\n\t<p>Using its innovative and revolutionary G.E.S.T. method (French acronym for Management of TIP Screen Printing Design) for defining technical needs, TIP will assist you with your project.<\/p>\n<p>Our technical sales team will get back to you in under 24 hours.<\/p>\n\t<a href=\"https:\/\/www.tipserigraphie.com\/en\/personalised-design-request\/\" target=\"_self\" role=\"button\" aria-label=\"request a quote\" rel=\"noopener\">\n\t\t\t\t\t\trequest a quote\n\t\t\t\t\t<\/a>\n\n","protected":false},"excerpt":{"rendered":"<p>Tip S\u00e9rigraphie innovative industrial customisation A major player in innovative industrial printing on the European market. &nbsp; Our ISO 9001 certfication is online! Backed by 40 years of experience, know-how and development in screen printing, digital printing and transfer printing, TIP is here for you to meet your needs. Working with you to carry your&hellip;<\/p>\n","protected":false},"author":2,"featured_media":0,"parent":0,"menu_order":0,"comment_status":"closed","ping_status":"closed","template":"","meta":{"_acf_changed":false,"footnotes":""},"class_list":["post-4802","page","type-page","status-publish","hentry"],"acf":[],"yoast_head":"<!-- This site is optimized with the Yoast SEO plugin v27.4 - https:\/\/yoast.com\/product\/yoast-seo-wordpress\/ -->\n<title>TIP S\u00e9rigraphie: experts in printing and industrial screen printing<\/title>\n<meta name=\"description\" content=\"40 years of screen printing experience, know-how and development. TIP is here to listen to your requirements and meet them all. 100% made in France!\" \/>\n<meta name=\"robots\" content=\"index, follow, max-snippet:-1, max-image-preview:large, max-video-preview:-1\" \/>\n<link rel=\"canonical\" href=\"https:\/\/www.tipserigraphie.com\/en\/\" \/>\n<meta property=\"og:locale\" content=\"en_US\" \/>\n<meta property=\"og:type\" content=\"article\" \/>\n<meta property=\"og:title\" content=\"TIP S\u00e9rigraphie: experts in printing and industrial screen printing\" \/>\n<meta property=\"og:description\" content=\"40 years of screen printing experience, know-how and development. TIP is here to listen to your requirements and meet them all. 100% made in France!\" \/>\n<meta property=\"og:url\" content=\"https:\/\/www.tipserigraphie.com\/en\/\" \/>\n<meta property=\"og:site_name\" content=\"TIP S\u00e9rigraphie\" \/>\n<meta property=\"article:publisher\" content=\"https:\/\/www.facebook.com\/tipindustrie\/\" \/>\n<meta property=\"article:modified_time\" content=\"2024-05-15T07:39:21+00:00\" \/>\n<meta property=\"og:image\" content=\"https:\/\/www.tipserigraphie.com\/wp-content\/uploads\/2020\/11\/logo_afnor_9001.jpg\" \/>\n<meta name=\"twitter:card\" content=\"summary_large_image\" \/>\n<meta name=\"twitter:site\" content=\"@tip_serigraphie\" \/>\n<meta name=\"twitter:label1\" content=\"Est. reading time\" \/>\n\t<meta name=\"twitter:data1\" content=\"3 minutes\" \/>\n<script type=\"application\/ld+json\" class=\"yoast-schema-graph\">{\"@context\":\"https:\\\/\\\/schema.org\",\"@graph\":[{\"@type\":\"WebPage\",\"@id\":\"https:\\\/\\\/www.tipserigraphie.com\\\/en\\\/\",\"url\":\"https:\\\/\\\/www.tipserigraphie.com\\\/en\\\/\",\"name\":\"TIP S\u00e9rigraphie: experts in printing and industrial screen printing\",\"isPartOf\":{\"@id\":\"https:\\\/\\\/www.tipserigraphie.com\\\/en\\\/#website\"},\"primaryImageOfPage\":{\"@id\":\"https:\\\/\\\/www.tipserigraphie.com\\\/en\\\/#primaryimage\"},\"image\":{\"@id\":\"https:\\\/\\\/www.tipserigraphie.com\\\/en\\\/#primaryimage\"},\"thumbnailUrl\":\"https:\\\/\\\/www.tipserigraphie.com\\\/wp-content\\\/uploads\\\/2020\\\/11\\\/logo_afnor_9001.jpg\",\"datePublished\":\"2021-01-06T10:27:52+00:00\",\"dateModified\":\"2024-05-15T07:39:21+00:00\",\"description\":\"40 years of screen printing experience, know-how and development. TIP is here to listen to your requirements and meet them all. 100% made in France!\",\"breadcrumb\":{\"@id\":\"https:\\\/\\\/www.tipserigraphie.com\\\/en\\\/#breadcrumb\"},\"inLanguage\":\"en-US\",\"potentialAction\":[{\"@type\":\"ReadAction\",\"target\":[\"https:\\\/\\\/www.tipserigraphie.com\\\/en\\\/\"]}]},{\"@type\":\"ImageObject\",\"inLanguage\":\"en-US\",\"@id\":\"https:\\\/\\\/www.tipserigraphie.com\\\/en\\\/#primaryimage\",\"url\":\"https:\\\/\\\/www.tipserigraphie.com\\\/wp-content\\\/uploads\\\/2020\\\/11\\\/logo_afnor_9001.jpg\",\"contentUrl\":\"https:\\\/\\\/www.tipserigraphie.com\\\/wp-content\\\/uploads\\\/2020\\\/11\\\/logo_afnor_9001.jpg\"},{\"@type\":\"BreadcrumbList\",\"@id\":\"https:\\\/\\\/www.tipserigraphie.com\\\/en\\\/#breadcrumb\",\"itemListElement\":[{\"@type\":\"ListItem\",\"position\":1,\"name\":\"Home\",\"item\":\"https:\\\/\\\/www.tipserigraphie.com\\\/en\\\/\"},{\"@type\":\"ListItem\",\"position\":2,\"name\":\"Home\"}]},{\"@type\":\"WebSite\",\"@id\":\"https:\\\/\\\/www.tipserigraphie.com\\\/en\\\/#website\",\"url\":\"https:\\\/\\\/www.tipserigraphie.com\\\/en\\\/\",\"name\":\"TIP S\u00e9rigraphie\",\"description\":\"Marquages Industriels\",\"publisher\":{\"@id\":\"https:\\\/\\\/www.tipserigraphie.com\\\/en\\\/#organization\"},\"potentialAction\":[{\"@type\":\"SearchAction\",\"target\":{\"@type\":\"EntryPoint\",\"urlTemplate\":\"https:\\\/\\\/www.tipserigraphie.com\\\/en\\\/?s={search_term_string}\"},\"query-input\":{\"@type\":\"PropertyValueSpecification\",\"valueRequired\":true,\"valueName\":\"search_term_string\"}}],\"inLanguage\":\"en-US\"},{\"@type\":\"Organization\",\"@id\":\"https:\\\/\\\/www.tipserigraphie.com\\\/en\\\/#organization\",\"name\":\"Tip\",\"url\":\"https:\\\/\\\/www.tipserigraphie.com\\\/en\\\/\",\"logo\":{\"@type\":\"ImageObject\",\"inLanguage\":\"en-US\",\"@id\":\"https:\\\/\\\/www.tipserigraphie.com\\\/en\\\/#\\\/schema\\\/logo\\\/image\\\/\",\"url\":\"https:\\\/\\\/www.tipserigraphie.com\\\/wp-content\\\/uploads\\\/2020\\\/10\\\/logo-tip-serigraphie.png\",\"contentUrl\":\"https:\\\/\\\/www.tipserigraphie.com\\\/wp-content\\\/uploads\\\/2020\\\/10\\\/logo-tip-serigraphie.png\",\"width\":151,\"height\":151,\"caption\":\"Tip\"},\"image\":{\"@id\":\"https:\\\/\\\/www.tipserigraphie.com\\\/en\\\/#\\\/schema\\\/logo\\\/image\\\/\"},\"sameAs\":[\"https:\\\/\\\/www.facebook.com\\\/tipindustrie\\\/\",\"https:\\\/\\\/x.com\\\/tip_serigraphie\",\"https:\\\/\\\/www.linkedin.com\\\/company\\\/tip-serigraphie-seritip\\\/\",\"https:\\\/\\\/www.youtube.com\\\/channel\\\/UCPzRvNMDl0fKTc7zrNewiHw\"]}]}<\/script>\n<!-- \/ Yoast SEO plugin. -->","yoast_head_json":{"title":"TIP S\u00e9rigraphie: experts in printing and industrial screen printing","description":"40 years of screen printing experience, know-how and development. TIP is here to listen to your requirements and meet them all. 100% made in France!","robots":{"index":"index","follow":"follow","max-snippet":"max-snippet:-1","max-image-preview":"max-image-preview:large","max-video-preview":"max-video-preview:-1"},"canonical":"https:\/\/www.tipserigraphie.com\/en\/","og_locale":"en_US","og_type":"article","og_title":"TIP S\u00e9rigraphie: experts in printing and industrial screen printing","og_description":"40 years of screen printing experience, know-how and development. TIP is here to listen to your requirements and meet them all. 100% made in France!","og_url":"https:\/\/www.tipserigraphie.com\/en\/","og_site_name":"TIP S\u00e9rigraphie","article_publisher":"https:\/\/www.facebook.com\/tipindustrie\/","article_modified_time":"2024-05-15T07:39:21+00:00","og_image":[{"url":"https:\/\/www.tipserigraphie.com\/wp-content\/uploads\/2020\/11\/logo_afnor_9001.jpg","type":"","width":"","height":""}],"twitter_card":"summary_large_image","twitter_site":"@tip_serigraphie","twitter_misc":{"Est. reading time":"3 minutes"},"schema":{"@context":"https:\/\/schema.org","@graph":[{"@type":"WebPage","@id":"https:\/\/www.tipserigraphie.com\/en\/","url":"https:\/\/www.tipserigraphie.com\/en\/","name":"TIP S\u00e9rigraphie: experts in printing and industrial screen printing","isPartOf":{"@id":"https:\/\/www.tipserigraphie.com\/en\/#website"},"primaryImageOfPage":{"@id":"https:\/\/www.tipserigraphie.com\/en\/#primaryimage"},"image":{"@id":"https:\/\/www.tipserigraphie.com\/en\/#primaryimage"},"thumbnailUrl":"https:\/\/www.tipserigraphie.com\/wp-content\/uploads\/2020\/11\/logo_afnor_9001.jpg","datePublished":"2021-01-06T10:27:52+00:00","dateModified":"2024-05-15T07:39:21+00:00","description":"40 years of screen printing experience, know-how and development. TIP is here to listen to your requirements and meet them all. 100% made in France!","breadcrumb":{"@id":"https:\/\/www.tipserigraphie.com\/en\/#breadcrumb"},"inLanguage":"en-US","potentialAction":[{"@type":"ReadAction","target":["https:\/\/www.tipserigraphie.com\/en\/"]}]},{"@type":"ImageObject","inLanguage":"en-US","@id":"https:\/\/www.tipserigraphie.com\/en\/#primaryimage","url":"https:\/\/www.tipserigraphie.com\/wp-content\/uploads\/2020\/11\/logo_afnor_9001.jpg","contentUrl":"https:\/\/www.tipserigraphie.com\/wp-content\/uploads\/2020\/11\/logo_afnor_9001.jpg"},{"@type":"BreadcrumbList","@id":"https:\/\/www.tipserigraphie.com\/en\/#breadcrumb","itemListElement":[{"@type":"ListItem","position":1,"name":"Home","item":"https:\/\/www.tipserigraphie.com\/en\/"},{"@type":"ListItem","position":2,"name":"Home"}]},{"@type":"WebSite","@id":"https:\/\/www.tipserigraphie.com\/en\/#website","url":"https:\/\/www.tipserigraphie.com\/en\/","name":"TIP S\u00e9rigraphie","description":"Marquages Industriels","publisher":{"@id":"https:\/\/www.tipserigraphie.com\/en\/#organization"},"potentialAction":[{"@type":"SearchAction","target":{"@type":"EntryPoint","urlTemplate":"https:\/\/www.tipserigraphie.com\/en\/?s={search_term_string}"},"query-input":{"@type":"PropertyValueSpecification","valueRequired":true,"valueName":"search_term_string"}}],"inLanguage":"en-US"},{"@type":"Organization","@id":"https:\/\/www.tipserigraphie.com\/en\/#organization","name":"Tip","url":"https:\/\/www.tipserigraphie.com\/en\/","logo":{"@type":"ImageObject","inLanguage":"en-US","@id":"https:\/\/www.tipserigraphie.com\/en\/#\/schema\/logo\/image\/","url":"https:\/\/www.tipserigraphie.com\/wp-content\/uploads\/2020\/10\/logo-tip-serigraphie.png","contentUrl":"https:\/\/www.tipserigraphie.com\/wp-content\/uploads\/2020\/10\/logo-tip-serigraphie.png","width":151,"height":151,"caption":"Tip"},"image":{"@id":"https:\/\/www.tipserigraphie.com\/en\/#\/schema\/logo\/image\/"},"sameAs":["https:\/\/www.facebook.com\/tipindustrie\/","https:\/\/x.com\/tip_serigraphie","https:\/\/www.linkedin.com\/company\/tip-serigraphie-seritip\/","https:\/\/www.youtube.com\/channel\/UCPzRvNMDl0fKTc7zrNewiHw"]}]}},"_links":{"self":[{"href":"https:\/\/www.tipserigraphie.com\/en\/wp-json\/wp\/v2\/pages\/4802","targetHints":{"allow":["GET"]}}],"collection":[{"href":"https:\/\/www.tipserigraphie.com\/en\/wp-json\/wp\/v2\/pages"}],"about":[{"href":"https:\/\/www.tipserigraphie.com\/en\/wp-json\/wp\/v2\/types\/page"}],"author":[{"embeddable":true,"href":"https:\/\/www.tipserigraphie.com\/en\/wp-json\/wp\/v2\/users\/2"}],"replies":[{"embeddable":true,"href":"https:\/\/www.tipserigraphie.com\/en\/wp-json\/wp\/v2\/comments?post=4802"}],"version-history":[{"count":3,"href":"https:\/\/www.tipserigraphie.com\/en\/wp-json\/wp\/v2\/pages\/4802\/revisions"}],"predecessor-version":[{"id":7617,"href":"https:\/\/www.tipserigraphie.com\/en\/wp-json\/wp\/v2\/pages\/4802\/revisions\/7617"}],"wp:attachment":[{"href":"https:\/\/www.tipserigraphie.com\/en\/wp-json\/wp\/v2\/media?parent=4802"}],"curies":[{"name":"wp","href":"https:\/\/api.w.org\/{rel}","templated":true}]}}