{"id":5857,"date":"2022-04-01T14:34:10","date_gmt":"2022-04-01T12:34:10","guid":{"rendered":"https:\/\/www.tipserigraphie.com\/dry-transfer-with-transtip\/"},"modified":"2025-03-12T10:28:12","modified_gmt":"2025-03-12T09:28:12","slug":"dry-transfer-with-transtip","status":"publish","type":"page","link":"https:\/\/www.tipserigraphie.com\/en\/dry-transfer-with-transtip\/","title":{"rendered":"Dry transfer with TransTIP\u00ae"},"content":{"rendered":"\n\n\t\t<h1>\n\t\t\tDry transfer with TransTIP\u00ae\n\t\t<\/h1>\n\t<p><b>Dry decal<\/b> is a technique that can be used To mark&#8221; on any substrate, apart from textiles.\u00a0<\/p>\n<p>TIP S\u00e9rigraphie, an expert in industrial printing and silk screen printing, tells you all about TransTIP\u00ae, a dry decal printing process that offers multiple technical advantages: heat resistance, chemical resistance and resistance to abrasion. Your <b>industrial<\/b> marking and by dry decal printing needs deserve the care of a specialist.<\/p>\n\t\t\t\t\t\t\t\t\t<img decoding=\"async\" src=\"https:\/\/www.tipserigraphie.com\/wp-content\/uploads\/bb-plugin\/cache\/PAGE-MARQUAGE-INDUSTRIEL-TEXTE-UNE-REPONSE-A-VOTRE-CDC-TIP-circle.jpg\" alt=\"UNE REPONSE A VOTRE CDC TIP\" itemprop=\"image\" height=\"626\" width=\"1165\" title=\"PAGE MARQUAGE INDUSTRIEL TEXTE UNE REPONSE A VOTRE CDC TIP\" onerror=\"this.style.display='none'\"  \/>\n\t\t\t\t\t\t\t\t<a href=\"https:\/\/www.tipserigraphie.com\/wp-content\/uploads\/2021\/03\/TRANSTIP-802.jpg\" target=\"_self\" itemprop=\"url\">\n\t\t\t\t\t\t\t\t\t<img decoding=\"async\" src=\"https:\/\/www.tipserigraphie.com\/wp-content\/uploads\/bb-plugin\/cache\/TRANSTIP-802-portrait.jpg\" alt=\"TRANSTIP 802\" itemprop=\"image\" height=\"900\" width=\"1200\" title=\"TRANSTIP 802\" onerror=\"this.style.display='none'\"  \/>\n\t\t\t\t\t\t\t\t\t\t\t\t\t<\/a>\n<h2>\n\t\tHow does dry decal work? \n\t<\/h2>\n\t<p>Dry decal printing is carried out by silk screen or digital printing. It is a high-quality product with excellent longevity. It is also very easy to use and apply.<\/p>\n<p>&nbsp;<\/p>\n<p>Dry decal explained<\/p>\n<p>Dry decal is the equivalent of direct silk screen printing. In this technique, a very thin layer of ink is applied to your substrate by means of a complex of technical layers, colours and an adhesive. The ink is covered with a protective layer that guarantees its durability. Dry decal is a process by which an image or text is transferred without any background material.<\/p>\n<h2>\n\t\tUse and application\n\t<\/h2>\n\t<p>Dry transfers can be applied on many <strong>flat or curved, smooth or grained supports<\/strong> and you can mark<strong> many materials<\/strong>: metal, glass, ceramic, plexi, wood, carbon, plastic&#8230;<\/p>\n<p>This type of marking is everywhere around you:<\/p>\n<ul>\n<li>on the frame of your <strong>bike<\/strong><\/li>\n<li>on the <strong>fire extinguisher<\/strong> in the corridors of your office<\/li>\n<li>on your <strong>electric convectors<\/strong><\/li>\n<li>on a <strong>boiler<\/strong> or <strong>heat pump<\/strong><\/li>\n<li>on <strong>a spa<\/strong> or hot tub<\/li>\n<li>on <strong>paddles<\/strong><\/li>\n<li>on a bow or <strong>arrows<\/strong><\/li>\n<li>on a <strong>machine cover<\/strong><\/li>\n<li>on an <strong>agricultural machine<\/strong> or an industrial sub-assembly etc.<\/li>\n<\/ul>\n\t\t\t\t\t\t\t\t<a href=\"https:\/\/www.tipserigraphie.com\/wp-content\/uploads\/2021\/03\/TRANSTIP-866.jpg\" target=\"_self\" itemprop=\"url\">\n\t\t\t\t\t\t\t\t\t<img decoding=\"async\" src=\"https:\/\/www.tipserigraphie.com\/wp-content\/uploads\/bb-plugin\/cache\/TRANSTIP-866-portrait.jpg\" alt=\"TRANSTIP 866\" itemprop=\"image\" height=\"900\" width=\"1200\" title=\"TRANSTIP 866\" onerror=\"this.style.display='none'\"  \/>\n\t\t\t\t\t\t\t\t\t\t\t\t\t<\/a>\n\t<iframe allowfullscreen allow=\"autoplay\" data-src=\"https:\/\/www.youtube.com\/embed\/SFNa7XJsvY4?feature=oembed&amp;start&amp;end&amp;wmode=opaque&amp;loop=0&amp;controls=1&amp;mute=0&amp;rel=0&amp;modestbranding=0\"><\/iframe>\t\t\n\t\t\t\t\tPlay Video\n\t<p>Dry decals can be applied to many types of surfaces, flat or curved, smooth or grained, and can be used to mark a wide range of materials: metal, glass, ceramics, plexiglass, wood, carbon, plastic, etc. This type of printing can be found all around you: on the frame of your bicycle, the fire extinguisher in your office&#8217;s corridors, your electric convectors, a boiler or a heat pump, a spa or a hot tub, oars and paddles, a bow or arrows, a machine cover, an agricultural machine or an industrial sub-assembly, etc.<\/p>\n<p>Applying a dry decal is very easy, just follow these steps:<\/p>\n<ul>\n<li aria-level=\"1\">Prepare your substrate carefully: the surface you plan to mark must be clean and dry. Any dust, moisture, silicone agent or grease can affect the result<\/li>\n<li aria-level=\"1\">Remove the white protection paper on the back of the print<\/li>\n<li aria-level=\"1\">Apply the decal starting from one side and pressing firmly. Use a scraper to ensure that the print fits the surface perfectly<\/li>\n<li aria-level=\"1\">Remove the transparent film carefully<\/li>\n<\/ul>\n<h2>\n\t\tThe advantages of dry decal\n\t<\/h2>\n\t<p>Dry decal is often more appealing to the eye than direct printing. It is extremely thin, but adheres well and is very strong resilient.\u00a0<\/p>\n<ul>\n<li aria-level=\"1\">Resistance to low temperatures<\/li>\n<li aria-level=\"1\">Heat resistance<\/li>\n<li aria-level=\"1\"><b>Damp Resistance<\/b><b>\u00a0<\/b><\/li>\n<li aria-level=\"1\">UV resistance<\/li>\n<li aria-level=\"1\">Abrasion resistance<\/li>\n<li aria-level=\"1\">Resistance to rubbing, tearing or ripping<\/li>\n<li aria-level=\"1\">Resistance to solvents, oils, hydrocarbons, chemicals and detergents<\/li>\n<\/ul>\n<p>The use of dry\u00a0 decal enables you to shorten your production times, gain flexibility and gain autonomy. For instance, when it comes time to mark the covers of your machine tools, you can order your dry decals in advance and apply the\u00a0 graphic directly in your assembly line process, without interrupting production. The days of sending your covers to your screen-printing partner, then waiting for them to be printed and sent back to you are over, enabling you to gain valuable time. You save on the cost of transport between your production site and the screen-printing workshop, and also trim your carbon footprint. Last but not least, you keep control over printing responsibilities and involve your teams, by giving them the chance to step up their skills.<\/p>\n\t\t\t\t\t\t\t\t<a href=\"https:\/\/www.tipserigraphie.com\/wp-content\/uploads\/2021\/06\/FACE-AVANT-TRANSTIP-839.jpg\" target=\"_self\" itemprop=\"url\">\n\t\t\t\t\t\t\t\t\t<img decoding=\"async\" src=\"https:\/\/www.tipserigraphie.com\/wp-content\/uploads\/bb-plugin\/cache\/FACE-AVANT-TRANSTIP-839-portrait.jpg\" alt=\"FACE AVANT + TRANSTIP 839\" itemprop=\"image\" height=\"1920\" width=\"1620\" title=\"FACE AVANT + TRANSTIP 839\" onerror=\"this.style.display='none'\"  \/>\n\t\t\t\t\t\t\t\t\t\t\t\t\t<\/a>\n\t<p>The use of dry\u00a0 decal enables you to shorten your production times, gain flexibility and gain autonomy. For instance, when it comes time to mark the covers of your machine tools, you can order your dry decals in advance and apply the\u00a0 graphic directly in your assembly line process, without interrupting production. The days of sending your covers to your screen-printing partner, then waiting for them to be printed and sent back to you are over, enabling you to gain valuable time. You save on the cost of transport between your production site and the screen-printing workshop, and also trim your carbon footprint. Last but not least, you keep control over printing responsibilities and involve your teams, by giving them the chance to step up their skills.<\/p>\n<h2>\n\t\tTransTIP\u00ae dry: 50 possibilities for industrial transfer marking\n\t<\/h2>\n\t<p>Choose Trans TIP\u00ae for your industrial printing needs. Our dry decals can be applied to all substrates and be used in all areas of industry: heat pumps, machine tools, kitchen equipment, engine sealing, etc. Using the TransTIP\u00ae technology developed by TIP S\u00e9rigraphie, your products look as though the graphic were embedded right into their material.<\/p>\n\t\t\t\t\t\t\t\t<a href=\"https:\/\/www.tipserigraphie.com\/wp-content\/uploads\/2020\/10\/IMPRESSION-TRANSFERT-A-SEC-TEXTE-TRANSFERT-A-SEC-PAGE-IMPRESSION-TRANSFE....jpg\" target=\"_self\" itemprop=\"url\">\n\t\t\t\t\t\t\t\t\t<img decoding=\"async\" src=\"https:\/\/www.tipserigraphie.com\/wp-content\/uploads\/bb-plugin\/cache\/IMPRESSION-TRANSFERT-A-SEC-TEXTE-TRANSFERT-A-SEC-PAGE-IMPRESSION-TRANSFE...-landscape.jpg\" alt=\"IMPRESSION TRANSFERT A SEC TEXTE TRANSFERT A SEC PAGE IMPRESSION TRANSFE...\" itemprop=\"image\" height=\"768\" width=\"1024\" title=\"IMPRESSION TRANSFERT A SEC TEXTE TRANSFERT A SEC PAGE IMPRESSION TRANSFE...\" onerror=\"this.style.display='none'\"  \/>\n\t\t\t\t\t\t\t\t\t\t\t\t\t<\/a>\n\t<p>From our range of 50 decals solutions, we will find the one best-suited to your needs. We go over your marking project with you and take into account all the constraints arising from:<\/p>\n<ul>\n<li aria-level=\"1\">The type of substrate you need to decorate, its material, colour, and finish.<\/li>\n<li aria-level=\"1\">The conditions under which dry\u00a0 decal will be applied: who will do the decal application, under what conditions, at what pace and with what precision?<\/li>\n<li aria-level=\"1\">Your substrate&#8217;s environment (indoor or outdoor), its exposure to the weather and\/or chemical attacks.<\/li>\n<\/ul>\n\t<p>TIP S\u00e9rigraphie has developed its own request form according to detailed requirements called G.E.S.T (Gestion des \u00c9tudes S\u00e9rigraphique Tip). During your discussion with your regional sales and technical manager, you will fill out a detailed questionnaire which is then sent to our method and development department. Using these answers, we will be able to recommend the decal printing option that is just right for your needs.<\/p>\n\t\t\t\t\t\t\t\t\t<img decoding=\"async\" src=\"https:\/\/www.tipserigraphie.com\/wp-content\/uploads\/2021\/12\/controle-pre-presse-TIP-e1639663114147.jpg\" alt=\"Contr\u00f4le de pr\u00e9-presse industrielle\" itemprop=\"image\" height=\"602\" width=\"600\" srcset=\"https:\/\/www.tipserigraphie.com\/wp-content\/uploads\/2021\/12\/controle-pre-presse-TIP-e1639663114147.jpg 600w, https:\/\/www.tipserigraphie.com\/wp-content\/uploads\/2021\/12\/controle-pre-presse-TIP-e1639663114147-300x300.jpg 300w, https:\/\/www.tipserigraphie.com\/wp-content\/uploads\/2021\/12\/controle-pre-presse-TIP-e1639663114147-150x150.jpg 150w\" sizes=\"(max-width: 600px) 100vw, 600px\" title=\"controle-pre-presse-TIP\" onerror=\"this.style.display='none'\"  \/>\n\t<p>Contact the experts at TIP S\u00e9rigraphie for a personalized study.<\/p>\n\t<p>Using its innovative and revolutionary G.E.S.T. method (French acronym for Management of TIP Screen Printing Design) for defining technical needs, TIP will assist you with your project.<\/p>\n<p>Our technical sales team will get back to you in under 24 hours.<\/p>\n\t<a href=\"https:\/\/www.tipserigraphie.com\/en\/personalised-design-request\/\" target=\"_self\" role=\"button\" aria-label=\"request a quote\">\n\t\t\t\t\t\trequest a quote\n\t\t\t\t\t<\/a>\n\n","protected":false},"excerpt":{"rendered":"<p>Dry transfer with TransTIP\u00ae Dry decal is a technique that can be used To mark&#8221; on any substrate, apart from textiles.\u00a0 TIP S\u00e9rigraphie, an expert in industrial printing and silk screen printing, tells you all about TransTIP\u00ae, a dry decal printing process that offers multiple technical advantages: heat resistance, chemical resistance and resistance to abrasion.&hellip;<\/p>\n","protected":false},"author":12,"featured_media":0,"parent":0,"menu_order":0,"comment_status":"closed","ping_status":"closed","template":"","meta":{"_acf_changed":false,"footnotes":""},"class_list":["post-5857","page","type-page","status-publish","hentry"],"acf":[],"yoast_head":"<!-- This site is optimized with the Yoast SEO plugin v27.5 - https:\/\/yoast.com\/product\/yoast-seo-wordpress\/ -->\n<title>Dry transfer: marking by industrial printing<\/title>\n<meta name=\"description\" content=\"Choose our dry transfer solution TransTIP\u00ae for your industrial transfer printing needs, a TIP S\u00e9rigraphie solution applicable to all substrates. High oil, solvent and fuel resistance.\" \/>\n<meta name=\"robots\" content=\"index, follow, max-snippet:-1, max-image-preview:large, max-video-preview:-1\" \/>\n<link rel=\"canonical\" href=\"https:\/\/www.tipserigraphie.com\/en\/dry-transfer-with-transtip\/\" \/>\n<meta property=\"og:locale\" content=\"en_US\" \/>\n<meta property=\"og:type\" content=\"article\" \/>\n<meta property=\"og:title\" content=\"Dry transfer: marking by industrial printing\" \/>\n<meta property=\"og:description\" content=\"Choose our dry transfer solution TransTIP\u00ae for your industrial transfer printing needs, a TIP S\u00e9rigraphie solution applicable to all substrates. High oil, solvent and fuel resistance.\" \/>\n<meta property=\"og:url\" content=\"https:\/\/www.tipserigraphie.com\/en\/dry-transfer-with-transtip\/\" \/>\n<meta property=\"og:site_name\" content=\"TIP S\u00e9rigraphie\" \/>\n<meta property=\"article:publisher\" content=\"https:\/\/www.facebook.com\/tipindustrie\/\" \/>\n<meta property=\"article:modified_time\" content=\"2025-03-12T09:28:12+00:00\" \/>\n<meta property=\"og:image\" content=\"https:\/\/www.tipserigraphie.com\/wp-content\/uploads\/bb-plugin\/cache\/PAGE-MARQUAGE-INDUSTRIEL-TEXTE-UNE-REPONSE-A-VOTRE-CDC-TIP-circle.jpg\" \/>\n<meta name=\"twitter:card\" content=\"summary_large_image\" \/>\n<meta name=\"twitter:site\" content=\"@tip_serigraphie\" \/>\n<meta name=\"twitter:label1\" content=\"Est. reading time\" \/>\n\t<meta name=\"twitter:data1\" content=\"7 minutes\" \/>\n<script type=\"application\/ld+json\" class=\"yoast-schema-graph\">{\"@context\":\"https:\\\/\\\/schema.org\",\"@graph\":[{\"@type\":\"WebPage\",\"@id\":\"https:\\\/\\\/www.tipserigraphie.com\\\/en\\\/dry-transfer-with-transtip\\\/\",\"url\":\"https:\\\/\\\/www.tipserigraphie.com\\\/en\\\/dry-transfer-with-transtip\\\/\",\"name\":\"Dry transfer: marking by industrial printing\",\"isPartOf\":{\"@id\":\"https:\\\/\\\/www.tipserigraphie.com\\\/en\\\/#website\"},\"primaryImageOfPage\":{\"@id\":\"https:\\\/\\\/www.tipserigraphie.com\\\/en\\\/dry-transfer-with-transtip\\\/#primaryimage\"},\"image\":{\"@id\":\"https:\\\/\\\/www.tipserigraphie.com\\\/en\\\/dry-transfer-with-transtip\\\/#primaryimage\"},\"thumbnailUrl\":\"https:\\\/\\\/www.tipserigraphie.com\\\/wp-content\\\/uploads\\\/bb-plugin\\\/cache\\\/PAGE-MARQUAGE-INDUSTRIEL-TEXTE-UNE-REPONSE-A-VOTRE-CDC-TIP-circle.jpg\",\"datePublished\":\"2022-04-01T12:34:10+00:00\",\"dateModified\":\"2025-03-12T09:28:12+00:00\",\"description\":\"Choose our dry transfer solution TransTIP\u00ae for your industrial transfer printing needs, a TIP S\u00e9rigraphie solution applicable to all substrates. High oil, solvent and fuel resistance.\",\"breadcrumb\":{\"@id\":\"https:\\\/\\\/www.tipserigraphie.com\\\/en\\\/dry-transfer-with-transtip\\\/#breadcrumb\"},\"inLanguage\":\"en-US\",\"potentialAction\":[{\"@type\":\"ReadAction\",\"target\":[\"https:\\\/\\\/www.tipserigraphie.com\\\/en\\\/dry-transfer-with-transtip\\\/\"]}]},{\"@type\":\"ImageObject\",\"inLanguage\":\"en-US\",\"@id\":\"https:\\\/\\\/www.tipserigraphie.com\\\/en\\\/dry-transfer-with-transtip\\\/#primaryimage\",\"url\":\"https:\\\/\\\/www.tipserigraphie.com\\\/wp-content\\\/uploads\\\/bb-plugin\\\/cache\\\/PAGE-MARQUAGE-INDUSTRIEL-TEXTE-UNE-REPONSE-A-VOTRE-CDC-TIP-circle.jpg\",\"contentUrl\":\"https:\\\/\\\/www.tipserigraphie.com\\\/wp-content\\\/uploads\\\/bb-plugin\\\/cache\\\/PAGE-MARQUAGE-INDUSTRIEL-TEXTE-UNE-REPONSE-A-VOTRE-CDC-TIP-circle.jpg\"},{\"@type\":\"BreadcrumbList\",\"@id\":\"https:\\\/\\\/www.tipserigraphie.com\\\/en\\\/dry-transfer-with-transtip\\\/#breadcrumb\",\"itemListElement\":[{\"@type\":\"ListItem\",\"position\":1,\"name\":\"Home\",\"item\":\"https:\\\/\\\/www.tipserigraphie.com\\\/en\\\/\"},{\"@type\":\"ListItem\",\"position\":2,\"name\":\"Dry transfer with TransTIP\u00ae\"}]},{\"@type\":\"WebSite\",\"@id\":\"https:\\\/\\\/www.tipserigraphie.com\\\/en\\\/#website\",\"url\":\"https:\\\/\\\/www.tipserigraphie.com\\\/en\\\/\",\"name\":\"TIP S\u00e9rigraphie\",\"description\":\"Marquages Industriels\",\"publisher\":{\"@id\":\"https:\\\/\\\/www.tipserigraphie.com\\\/en\\\/#organization\"},\"potentialAction\":[{\"@type\":\"SearchAction\",\"target\":{\"@type\":\"EntryPoint\",\"urlTemplate\":\"https:\\\/\\\/www.tipserigraphie.com\\\/en\\\/?s={search_term_string}\"},\"query-input\":{\"@type\":\"PropertyValueSpecification\",\"valueRequired\":true,\"valueName\":\"search_term_string\"}}],\"inLanguage\":\"en-US\"},{\"@type\":\"Organization\",\"@id\":\"https:\\\/\\\/www.tipserigraphie.com\\\/en\\\/#organization\",\"name\":\"Tip\",\"url\":\"https:\\\/\\\/www.tipserigraphie.com\\\/en\\\/\",\"logo\":{\"@type\":\"ImageObject\",\"inLanguage\":\"en-US\",\"@id\":\"https:\\\/\\\/www.tipserigraphie.com\\\/en\\\/#\\\/schema\\\/logo\\\/image\\\/\",\"url\":\"https:\\\/\\\/www.tipserigraphie.com\\\/wp-content\\\/uploads\\\/2020\\\/10\\\/logo-tip-serigraphie.png\",\"contentUrl\":\"https:\\\/\\\/www.tipserigraphie.com\\\/wp-content\\\/uploads\\\/2020\\\/10\\\/logo-tip-serigraphie.png\",\"width\":151,\"height\":151,\"caption\":\"Tip\"},\"image\":{\"@id\":\"https:\\\/\\\/www.tipserigraphie.com\\\/en\\\/#\\\/schema\\\/logo\\\/image\\\/\"},\"sameAs\":[\"https:\\\/\\\/www.facebook.com\\\/tipindustrie\\\/\",\"https:\\\/\\\/x.com\\\/tip_serigraphie\",\"https:\\\/\\\/www.linkedin.com\\\/company\\\/tip-serigraphie-seritip\\\/\",\"https:\\\/\\\/www.youtube.com\\\/channel\\\/UCPzRvNMDl0fKTc7zrNewiHw\"]}]}<\/script>\n<!-- \/ Yoast SEO plugin. -->","yoast_head_json":{"title":"Dry transfer: marking by industrial printing","description":"Choose our dry transfer solution TransTIP\u00ae for your industrial transfer printing needs, a TIP S\u00e9rigraphie solution applicable to all substrates. High oil, solvent and fuel resistance.","robots":{"index":"index","follow":"follow","max-snippet":"max-snippet:-1","max-image-preview":"max-image-preview:large","max-video-preview":"max-video-preview:-1"},"canonical":"https:\/\/www.tipserigraphie.com\/en\/dry-transfer-with-transtip\/","og_locale":"en_US","og_type":"article","og_title":"Dry transfer: marking by industrial printing","og_description":"Choose our dry transfer solution TransTIP\u00ae for your industrial transfer printing needs, a TIP S\u00e9rigraphie solution applicable to all substrates. High oil, solvent and fuel resistance.","og_url":"https:\/\/www.tipserigraphie.com\/en\/dry-transfer-with-transtip\/","og_site_name":"TIP S\u00e9rigraphie","article_publisher":"https:\/\/www.facebook.com\/tipindustrie\/","article_modified_time":"2025-03-12T09:28:12+00:00","og_image":[{"url":"https:\/\/www.tipserigraphie.com\/wp-content\/uploads\/bb-plugin\/cache\/PAGE-MARQUAGE-INDUSTRIEL-TEXTE-UNE-REPONSE-A-VOTRE-CDC-TIP-circle.jpg","type":"","width":"","height":""}],"twitter_card":"summary_large_image","twitter_site":"@tip_serigraphie","twitter_misc":{"Est. reading time":"7 minutes"},"schema":{"@context":"https:\/\/schema.org","@graph":[{"@type":"WebPage","@id":"https:\/\/www.tipserigraphie.com\/en\/dry-transfer-with-transtip\/","url":"https:\/\/www.tipserigraphie.com\/en\/dry-transfer-with-transtip\/","name":"Dry transfer: marking by industrial printing","isPartOf":{"@id":"https:\/\/www.tipserigraphie.com\/en\/#website"},"primaryImageOfPage":{"@id":"https:\/\/www.tipserigraphie.com\/en\/dry-transfer-with-transtip\/#primaryimage"},"image":{"@id":"https:\/\/www.tipserigraphie.com\/en\/dry-transfer-with-transtip\/#primaryimage"},"thumbnailUrl":"https:\/\/www.tipserigraphie.com\/wp-content\/uploads\/bb-plugin\/cache\/PAGE-MARQUAGE-INDUSTRIEL-TEXTE-UNE-REPONSE-A-VOTRE-CDC-TIP-circle.jpg","datePublished":"2022-04-01T12:34:10+00:00","dateModified":"2025-03-12T09:28:12+00:00","description":"Choose our dry transfer solution TransTIP\u00ae for your industrial transfer printing needs, a TIP S\u00e9rigraphie solution applicable to all substrates. High oil, solvent and fuel resistance.","breadcrumb":{"@id":"https:\/\/www.tipserigraphie.com\/en\/dry-transfer-with-transtip\/#breadcrumb"},"inLanguage":"en-US","potentialAction":[{"@type":"ReadAction","target":["https:\/\/www.tipserigraphie.com\/en\/dry-transfer-with-transtip\/"]}]},{"@type":"ImageObject","inLanguage":"en-US","@id":"https:\/\/www.tipserigraphie.com\/en\/dry-transfer-with-transtip\/#primaryimage","url":"https:\/\/www.tipserigraphie.com\/wp-content\/uploads\/bb-plugin\/cache\/PAGE-MARQUAGE-INDUSTRIEL-TEXTE-UNE-REPONSE-A-VOTRE-CDC-TIP-circle.jpg","contentUrl":"https:\/\/www.tipserigraphie.com\/wp-content\/uploads\/bb-plugin\/cache\/PAGE-MARQUAGE-INDUSTRIEL-TEXTE-UNE-REPONSE-A-VOTRE-CDC-TIP-circle.jpg"},{"@type":"BreadcrumbList","@id":"https:\/\/www.tipserigraphie.com\/en\/dry-transfer-with-transtip\/#breadcrumb","itemListElement":[{"@type":"ListItem","position":1,"name":"Home","item":"https:\/\/www.tipserigraphie.com\/en\/"},{"@type":"ListItem","position":2,"name":"Dry transfer with TransTIP\u00ae"}]},{"@type":"WebSite","@id":"https:\/\/www.tipserigraphie.com\/en\/#website","url":"https:\/\/www.tipserigraphie.com\/en\/","name":"TIP S\u00e9rigraphie","description":"Marquages Industriels","publisher":{"@id":"https:\/\/www.tipserigraphie.com\/en\/#organization"},"potentialAction":[{"@type":"SearchAction","target":{"@type":"EntryPoint","urlTemplate":"https:\/\/www.tipserigraphie.com\/en\/?s={search_term_string}"},"query-input":{"@type":"PropertyValueSpecification","valueRequired":true,"valueName":"search_term_string"}}],"inLanguage":"en-US"},{"@type":"Organization","@id":"https:\/\/www.tipserigraphie.com\/en\/#organization","name":"Tip","url":"https:\/\/www.tipserigraphie.com\/en\/","logo":{"@type":"ImageObject","inLanguage":"en-US","@id":"https:\/\/www.tipserigraphie.com\/en\/#\/schema\/logo\/image\/","url":"https:\/\/www.tipserigraphie.com\/wp-content\/uploads\/2020\/10\/logo-tip-serigraphie.png","contentUrl":"https:\/\/www.tipserigraphie.com\/wp-content\/uploads\/2020\/10\/logo-tip-serigraphie.png","width":151,"height":151,"caption":"Tip"},"image":{"@id":"https:\/\/www.tipserigraphie.com\/en\/#\/schema\/logo\/image\/"},"sameAs":["https:\/\/www.facebook.com\/tipindustrie\/","https:\/\/x.com\/tip_serigraphie","https:\/\/www.linkedin.com\/company\/tip-serigraphie-seritip\/","https:\/\/www.youtube.com\/channel\/UCPzRvNMDl0fKTc7zrNewiHw"]}]}},"_links":{"self":[{"href":"https:\/\/www.tipserigraphie.com\/en\/wp-json\/wp\/v2\/pages\/5857","targetHints":{"allow":["GET"]}}],"collection":[{"href":"https:\/\/www.tipserigraphie.com\/en\/wp-json\/wp\/v2\/pages"}],"about":[{"href":"https:\/\/www.tipserigraphie.com\/en\/wp-json\/wp\/v2\/types\/page"}],"author":[{"embeddable":true,"href":"https:\/\/www.tipserigraphie.com\/en\/wp-json\/wp\/v2\/users\/12"}],"replies":[{"embeddable":true,"href":"https:\/\/www.tipserigraphie.com\/en\/wp-json\/wp\/v2\/comments?post=5857"}],"version-history":[{"count":3,"href":"https:\/\/www.tipserigraphie.com\/en\/wp-json\/wp\/v2\/pages\/5857\/revisions"}],"predecessor-version":[{"id":7974,"href":"https:\/\/www.tipserigraphie.com\/en\/wp-json\/wp\/v2\/pages\/5857\/revisions\/7974"}],"wp:attachment":[{"href":"https:\/\/www.tipserigraphie.com\/en\/wp-json\/wp\/v2\/media?parent=5857"}],"curies":[{"name":"wp","href":"https:\/\/api.w.org\/{rel}","templated":true}]}}